{"id":7456,"date":"2019-04-17T14:52:03","date_gmt":"2019-04-17T12:52:03","guid":{"rendered":"http:\/\/shop.solo-musica.de\/?page_id=167"},"modified":"2021-07-27T17:10:40","modified_gmt":"2021-07-27T15:10:40","slug":"datenschutz","status":"publish","type":"page","link":"https:\/\/solo-musica.de\/en\/datenschutz\/","title":{"rendered":"Datenschutzerkl\u00e4rung"},"content":{"rendered":"\r\n<p>Die Betreiber dieser Seiten nehmen den Schutz Ihrer pers\u00f6nlichen Daten sehr ernst. Wir behandeln Ihre personenbezogenen Daten vertraulich und entsprechend der gesetzlichen Datenschutzvorschriften sowie dieser Datenschutzerkl\u00e4rung.<\/p>\r\n\r\n\r\n\r\n<p>Die Nutzung unserer Website ist in der Regel ohne Angabe personenbezogener Daten m\u00f6glich. Soweit auf unseren Seiten personenbezogene Daten (beispielsweise Name, Anschrift oder E-Mail-Adressen) erhoben werden, erfolgt dies, soweit m\u00f6glich, stets auf freiwilliger Basis. Diese Daten werden ohne Ihre ausdr\u00fcckliche Zustimmung<br>nicht an Dritte weitergegeben.<\/p>\r\n\r\n\r\n\r\n<p>Wir weisen darauf hin, dass die Daten\u00fcbertragung im Internet (z.B. bei der Kommunikation per E-Mail) Sicherheitsl\u00fccken aufweisen kann. Ein l\u00fcckenloser Schutz der Daten vor dem Zugriff durch Dritte ist nicht m\u00f6glich.<\/p>\r\n\r\n\r\n\r\n<h2 class=\"wp-block-heading\">Cookies<\/h2>\r\n\r\n\r\n\r\n<p>Die Internetseiten verwenden teilweise so genannte Cookies. Cookies richten auf Ihrem Rechner keinen Schaden an und enthalten keine Viren. Cookies dienen dazu, unser Angebot nutzerfreundlicher, effektiver und sicherer zu machen. Cookies sind kleine Textdateien, die auf Ihrem Rechner abgelegt werden und die Ihr Browser speichert.<\/p>\r\n\r\n\r\n\r\n<p>Die meisten der von uns verwendeten Cookies sind so genannte \u201eSession-Cookies\u201c. Sie werden nach Ende Ihres Besuchs automatisch gel\u00f6scht. Andere Cookies bleiben auf Ihrem Endger\u00e4t gespeichert, bis Sie diese l\u00f6schen. Diese Cookies erm\u00f6glichen es uns, Ihren Browser beim n\u00e4chsten Besuch wiederzuerkennen.<\/p>\r\n\r\n\r\n\r\n<p>Sie k\u00f6nnen Ihren Browser so einstellen, dass Sie \u00fcber das Setzen von Cookies informiert werden und Cookies nur im Einzelfall erlauben, die Annahme von Cookies f\u00fcr<br>bestimmte F\u00e4lle oder generell ausschlie\u00dfen sowie das automatische L\u00f6schen der Cookies beim Schlie\u00dfen des Browser aktivieren. Bei der Deaktivierung von Cookies kann die<br>Funktionalit\u00e4t dieser Website eingeschr\u00e4nkt sein.<\/p>\r\n\r\n\r\n\r\n<h2 class=\"wp-block-heading\">Server-Log-Files<\/h2>\r\n\r\n\r\n\r\n<p>Der Provider der Seiten erhebt und speichert automatisch Informationen in so genannten Server-Log Files, die Ihr Browser automatisch an uns \u00fcbermittelt. Dies sind:<\/p>\r\n\r\n\r\n\r\n<ul class=\"wp-block-list\"><li>Browsertyp und Browserversion<\/li><li>verwendetes Betriebssystem<\/li><li>Referrer URL<\/li><li>Hostname des zugreifenden Rechners<\/li><li>Uhrzeit der Serveranfrage<\/li><\/ul>\r\n\r\n\r\n\r\n<p>Diese Daten sind nicht bestimmten Personen zuordenbar. Eine Zusammenf\u00fchrung dieser Daten mit anderen Datenquellen wird nicht vorgenommen. Wir behalten uns vor, diese Daten nachtr\u00e4glich zu pr\u00fcfen, wenn uns konkrete Anhaltspunkte f\u00fcr eine rechtswidrige Nutzung bekannt werden.<\/p>\r\n\r\n\r\n\r\n<h2 class=\"wp-block-heading\">Kontaktformular<\/h2>\r\n\r\n\r\n\r\n<p>Wenn Sie uns per Kontaktformular Anfragen zukommen lassen, werden Ihre Angaben aus dem Anfrageformular inklusive der von Ihnen dort angegebenen Kontaktdaten zwecks Bearbeitung der Anfrage und f\u00fcr den Fall von Anschlussfragen bei uns gespeichert. Diese Daten geben wir nicht ohne Ihre Einwilligung weiter.<\/p>\r\n\r\n\r\n\r\n<h2 class=\"wp-block-heading\">Google Analytics<\/h2>\r\n\r\n\r\n\r\n<p>Diese Website nutzt Funktionen des Webanalysedienstes Google Analytics. Anbieter ist die Google Inc., 1600 Amphitheatre Parkway Mountain View, CA 94043, USA.<\/p>\r\n\r\n\r\n\r\n<p>Google Analytics verwendet so genannte \u201cCookies\u201d. Das sind Textdateien, die auf Ihrem Computer gespeichert werden und die eine Analyse der Benutzung der Website durch Sie<br>erm\u00f6glichen. Die durch den Cookie erzeugten Informationen \u00fcber Ihre Benutzung dieser Website werden in der Regel an einen Server von Google in den USA \u00fcbertragen und dort gespeichert.<\/p>\r\n\r\n\r\n\r\n<p><strong>Browser Plugin<\/strong><\/p>\r\n\r\n\r\n\r\n<p>Sie k\u00f6nnen die Speicherung der Cookies durch eine entsprechende Einstellung Ihrer Browser-Software verhindern; wir weisen Sie jedoch darauf hin, dass Sie in diesem Fall gegebenenfalls nicht s\u00e4mtliche Funktionen dieser Website vollumf\u00e4nglich werden nutzen k\u00f6nnen. Sie k\u00f6nnen dar\u00fcber hinaus die Erfassung der durch den Cookie erzeugten und auf Ihre Nutzung der Website bezogenen Daten (inkl. Ihrer IPAdresse) an Google sowie die Verarbeitung dieser Daten durch Google verhindern, indem Sie das unter dem folgenden Link verf\u00fcgbare Browser-Plugin herunterladen und installieren:&nbsp;<a href=\"https:\/\/tools.google.com\/dlpage\/gaoptout?hl=de\" target=\"_blank\" rel=\"noreferrer noopener\">https:\/\/tools.google.com\/dlpage\/gaoptout?hl=de<\/a><\/p>\r\n\r\n\r\n\r\n<p><strong>Widerspruch gegen Datenerfassung<\/strong><\/p>\r\n\r\n\r\n\r\n<p>Sie k\u00f6nnen die Erfassung Ihrer Daten durch Google Analytics&nbsp; verhindern, indem Sie auf folgenden Link klicken. Es wird ein Opt-Out-Cookie gesetzt, der die Erfassung Ihrer Daten bei zuk\u00fcnftigen Besuchen dieser Website verhindert:&nbsp;<a>Google Analytics deaktivieren<\/a><\/p>\r\n\r\n\r\n\r\n<p>Mehr Informationen zum Umgang mit Nutzerdaten bei Google Analytics finden Sie in der Datenschutzerkl\u00e4rung von Google:<br><a href=\"https:\/\/support.google.com\/analytics\/answer\/6004245?hl=de\" target=\"_blank\" rel=\"noreferrer noopener\">https:\/\/support.google.com\/analytics\/answer\/6004245?hl=de<\/a><\/p>\r\n\r\n\r\n\r\n<h2 class=\"wp-block-heading\">Facebook-Plugins (Like-Button)<\/h2>\r\n\r\n\r\n\r\n<p>Auf unseren Seiten sind Plugins des sozialen Netzwerks Facebook, Anbieter Facebook Inc., 1 Hacker Way, Menlo Park, California 94025, USA, integriert. Die Facebook-Plugins erkennen Sie an dem Facebook-Logo oder dem \u201cLike-Button\u201d (\u201cGef\u00e4llt mir\u201d) auf unserer Seite. Eine \u00dcbersicht \u00fcber die Facebook-Plugins finden Sie hier:&nbsp;<a href=\"https:\/\/developers.facebook.com\/docs\/plugins\/\" target=\"_blank\" rel=\"noreferrer noopener\">https:\/\/developers.facebook.com\/docs\/plugins\/<\/a>.<\/p>\r\n\r\n\r\n\r\n<p>Wenn Sie unsere Seiten besuchen, wird \u00fcber das Plugin eine direkte Verbindung zwischen Ihrem Browser und dem Facebook-Server hergestellt. Facebook erh\u00e4lt dadurch die Information, dass Sie mit Ihrer IPAdresse unsere Seite besucht haben. Wenn Sie den Facebook \u201cLike-Button\u201d anklicken w\u00e4hrend Sie in Ihrem Facebook-Account eingeloggt sind, k\u00f6nnen Sie die Inhalte unserer Seiten auf Ihrem Facebook-Profil verlinken. Dadurch kann Facebook den Besuch unserer Seiten Ihrem Benutzerkonto zuordnen. Wir weisen darauf hin, dass wir als Anbieter der Seiten keine Kenntnis vom Inhalt der \u00fcbermittelten Daten sowie deren Nutzung durch Facebook erhalten. Weitere Informationen hierzu finden Sie in der Datenschutzerkl\u00e4rung von Facebook unter&nbsp;<a href=\"https:\/\/dede.%20facebook.com\/policy.php\" target=\"_blank\" rel=\"noreferrer noopener\">https:\/\/de-de.facebook.com\/policy.php<\/a>.<\/p>\r\n\r\n\r\n\r\n<p>Wenn Sie nicht w\u00fcnschen, dass Facebook den Besuch unserer Seiten Ihrem Facebook-Nutzerkonto zuordnen kann, loggen Sie sich bitte aus Ihrem Facebook-Benutzerkonto aus.<\/p>\r\n\r\n\r\n\r\n<h2 class=\"wp-block-heading\">Twitter<\/h2>\r\n\r\n\r\n\r\n<p>Auf unseren Seiten sind Funktionen des Dienstes Twitter eingebunden. Diese Funktionen werden angeboten durch die Twitter Inc., 1355 Market Street, Suite 900, San Francisco, CA<br>94103, USA. Durch das Benutzen von Twitter und der Funktion \u201cRe-Tweet\u201d werden die von Ihnen besuchten Websites mit Ihrem Twitter-Account verkn\u00fcpft und anderen Nutzern bekannt gegeben. Dabei werden auch Daten an Twitter \u00fcbertragen. Wir weisen darauf hin, dass wir als Anbieter der Seiten keine Kenntnis vom Inhalt der \u00fcbermittelten Daten sowie deren Nutzung durch Twitter erhalten. Weitere Informationen hierzu finden Sie in der Datenschutzerkl\u00e4rung von Twitter unter&nbsp;<a href=\"https:\/\/twitter.com\/privacy\" target=\"_blank\" rel=\"noreferrer noopener\">https:\/\/twitter.com\/privacy<\/a>.<\/p>\r\n\r\n\r\n\r\n<p>Ihre Datenschutzeinstellungen bei Twitter k\u00f6nnen Sie in den Konto-Einstellungen unter:&nbsp;<a href=\"https:\/\/twitter.com\/account\/settings\" target=\"_blank\" rel=\"noreferrer noopener\">https:\/\/twitter.com\/account\/settings&nbsp;&nbsp;<\/a>\u00e4ndern.<\/p>\r\n\r\n\r\n\r\n<h2 class=\"wp-block-heading\">SoundCloud<\/h2>\r\n\r\n\r\n\r\n<p>Auf unseren Seiten k\u00f6nnen Plugins des sozialen Netzwerks SoundCloud (SoundCloud Limited, Berners House, 47-48 Berners Street, London<br>W1T 3NF, Gro\u00dfbritannien.) integriert sein. Die SoundCloud-Plugins erkennen Sie an dem SoundCloud-Logo auf den betroffenen Seiten.<\/p>\r\n\r\n\r\n\r\n<p>Wenn Sie unsere Seiten besuchen, wird nach Aktivierung des Plugin eine direkte Verbindung zwischen Ihrem Browser und dem SoundCloud-Server hergestellt. SoundCloud erh\u00e4lt dadurch die Information, dass Sie mit Ihrer IP-Adresse unsere Seite besucht haben. Wenn Sie den \u201cLike-Button\u201d oder \u201cShare-Button\u201d anklicken w\u00e4hrend Sie in Ihrem SoundCloud- Benutzerkonto eingeloggt sind, k\u00f6nnen Sie die Inhalte unserer Seiten mit Ihrem SoundCloud-Profil verlinken und\/oder teilen. Dadurch kann SoundCloud Ihrem Benutzerkonto den Besuch unserer Seiten zuordnen. Wir weisen darauf hin, dass wir als Anbieter der Seiten keine Kenntnis vom Inhalt der \u00fcbermittelten Daten sowie deren Nutzung durch SoundCloud erhalten. Weitere Informationen hierzu finden Sie in der Datenschutzerkl\u00e4rung von SoundCloud unter:&nbsp;<a href=\"https:\/\/soundcloud.com\/pages\/privacy\" target=\"_blank\" rel=\"noreferrer noopener\">https:\/\/soundcloud.com\/pages\/privacy<\/a><\/p>\r\n\r\n\r\n\r\n<p>Wenn Sie nicht w\u00fcnschen, dass Soundcloud den Besuch unserer Seiten Ihrem SoundCloud- Benutzerkonto zuordnet, loggen Sie sich bitte aus Ihrem SoundCloud-Benutzerkonto aus bevor Sie Inhalte des SoundCloud-Plugins aktivieren.<\/p>\r\n\r\n\r\n\r\n<h2 class=\"wp-block-heading\">Spotify<\/h2>\r\n\r\n\r\n\r\n<p>Auf unseren Seiten sind Funktionen des Musik- Dienstes Spotify eingebunden. Anbieter ist die Spotify AB, Birger Jarlsgatan 61, 113 56 Stockholm in Schweden. Die Spotify PlugIns erkennen Sie an dem gr\u00fcnen Logo auf unserer Seite. Eine \u00dcbersicht \u00fcber die Spotify-PlugIns finden Sie unter&nbsp;<a href=\"https:\/\/developer.spotify.com\/\" target=\"_blank\" rel=\"noreferrer noopener\">https:\/\/developer.spotify.com<\/a><\/p>\r\n\r\n\r\n\r\n<p>Dadurch kann beim Besuch unserer Seiten \u00fcber das Plugin eine direkte Verbindung zwischen Ihrem Browser und dem Spotify-Server hergestellt werden. Spotify erh\u00e4lt dadurch die Information, dass Sie mit Ihrer IP-Adresse unsere Seite besucht haben. Wenn Sie den Spotify Button anklicken w\u00e4hrend Sie in Ihrem Spotify-Account eingeloggt sind, k\u00f6nnen Sie die Inhalte unserer Seiten auf Ihrem Spotify Profil verlinken. Dadurch kann Spotify den Besuch unserer Seiten Ihrem Benutzerkonto zuordnen.<\/p>\r\n\r\n\r\n\r\n<p>Weitere Informationen hierzu finden Sie in der Datenschutzerkl\u00e4rung von Spotify:&nbsp;<a href=\"https:\/\/www.spotify.com\/de\/legal\/privacy-policy\/\" target=\"_blank\" rel=\"noreferrer noopener\">https:\/\/www.spotify.com\/de\/legal\/privacy-policy\/<\/a><\/p>\r\n\r\n\r\n\r\n<p>Wenn Sie nicht w\u00fcnschen, dass Spotify den Besuch unserer Seiten Ihrem Spotify-Nutzerkonto zuordnen kann, loggen Sie sich bitte aus Ihrem Spotify-Benutzerkonto aus.<\/p>\r\n\r\n\r\n\r\n<h2 class=\"wp-block-heading\">YouTube<\/h2>\r\n\r\n\r\n\r\n<p>Unsere Website nutzt Plugins der von Google betriebenen Seite YouTube. Betreiber der Seiten ist die YouTube, LLC, 901 Cherry Ave., San Bruno, CA 94066, USA. Wenn Sie eine unserer mit einem YouTube- Plugin ausgestatteten Seiten besuchen, wird eine Verbindung zu den Servern von YouTube hergestellt. Dabei wird dem Youtube-Server mitgeteilt, welche unserer Seiten Sie besucht haben.<\/p>\r\n\r\n\r\n\r\n<p>Wenn Sie in Ihrem YouTube-Account eingeloggt sind erm\u00f6glichen Sie YouTube, Ihr Surfverhalten direkt Ihrem pers\u00f6nlichen Profil zuzuordnen. Dies k\u00f6nnen Sie verhindern, indem Sie sich aus Ihrem YouTube-Account ausloggen.<\/p>\r\n\r\n\r\n\r\n<p>Weitere Informationen zum Umgang von Nutzerdaten finden Sie in der Datenschutzerkl\u00e4rung von YouTube unter:&nbsp;<a href=\"https:\/\/www.google.de\/intl\/de\/policies\/privacy\" target=\"_blank\" rel=\"noreferrer noopener\">https:\/\/www.google.de\/intl\/de\/policies\/privacy<\/a><\/p>\r\n\r\n\r\n\r\n<h2 class=\"wp-block-heading\">SSL-Verschl\u00fcsselung<\/h2>\r\n\r\n\r\n\r\n<p>Diese Seite nutzt aus Gr\u00fcnden der Sicherheit und zum Schutz der \u00dcbertragung vertraulicher Inhalte, wie zum Beispiel der Anfragen, die Sie an uns als Seitenbetreiber<br>senden, eine SSL-Verschl\u00fcsselung. Eine verschl\u00fcsselte Verbindung erkennen Sie daran, dass die Adresszeile des Browsers von \u201chttp:\/\/\u201d auf \u201chttps:\/\/\u201d wechselt und an dem<br>Schloss-Symbol in Ihrer Browserzeile. Wenn die SSL Verschl\u00fcsselung aktiviert ist, k\u00f6nnen die Daten, die Sie an uns \u00fcbermitteln, nicht von Dritten mitgelesen<br>werden.<\/p>\r\n\r\n\r\n\r\n<h2 class=\"wp-block-heading\">Recht auf Auskunft, L\u00f6schung, Sperrung<\/h2>\r\n\r\n\r\n\r\n<p>Sie haben jederzeit das Recht auf unentgeltliche Auskunft \u00fcber Ihre gespeicherten personenbezogenen Daten, deren Herkunft und Empf\u00e4nger und den Zweck der Datenverarbeitung sowie ein Recht auf Berichtigung, Sperrung oder L\u00f6schung dieser Daten. Hierzu sowie zu weiteren Fragen zum Thema personenbezogene Daten k\u00f6nnen Sie sich jederzeit unter der im Impressum angegebenen Adresse an uns wenden.<\/p>\r\n\r\n\r\n\r\n<h2 class=\"wp-block-heading\">Widerspruch Werbe-Mails<\/h2>\r\n\r\n\r\n\r\n<p>Der Nutzung von im Rahmen der Impressumspflicht ver\u00f6ffentlichten Kontaktdaten zur \u00dcbersendung von nicht ausdr\u00fccklich angeforderter Werbung und Informationsmaterialien wird hiermit widersprochen. Die Betreiber der Seiten behalten sich ausdr\u00fccklich rechtliche Schritte im Falle der unverlangten Zusendung von Werbeinformationen, etwa durch Spam-E-Mails, vor.<\/p>\r\n\r\n\r\n\r\n<p>Quelle:&nbsp;<a href=\"https:\/\/www.e-recht24.de\/\">e-recht24.de<\/a><\/p>\r\n","protected":false},"excerpt":{"rendered":"<p>Die Betreiber dieser Seiten nehmen den Schutz Ihrer pers\u00f6nlichen Daten sehr ernst. Wir behandeln Ihre personenbezogenen Daten vertraulich und entsprechend der gesetzlichen Datenschutzvorschriften sowie dieser Datenschutzerkl\u00e4rung. Die Nutzung unserer Website ist in der Regel ohne Angabe personenbezogener Daten m\u00f6glich. Soweit auf unseren Seiten personenbezogene Daten (beispielsweise Name, Anschrift oder E-Mail-Adressen) erhoben werden, erfolgt dies, soweit [&hellip;]<\/p>\n","protected":false},"author":1,"featured_media":0,"parent":0,"menu_order":0,"comment_status":"closed","ping_status":"closed","template":"","meta":{"footnotes":""},"class_list":["post-7456","page","type-page","status-publish","hentry"],"translation":{"provider":"WPGlobus","version":"3.0.2","language":"en","enabled_languages":["de","en"],"languages":{"de":{"title":true,"content":true,"excerpt":false},"en":{"title":false,"content":false,"excerpt":false}}},"yoast_head":"<!-- This site is optimized with the Yoast SEO plugin v27.4 - https:\/\/yoast.com\/product\/yoast-seo-wordpress\/ -->\n<title>Datenschutzerkl\u00e4rung - Deutsch<\/title>\n<meta name=\"robots\" content=\"index, follow, max-snippet:-1, max-image-preview:large, max-video-preview:-1\" \/>\n<link rel=\"canonical\" href=\"https:\/\/solo-musica.de\/en\/datenschutz\/\" \/>\n<meta property=\"og:locale\" content=\"en_US\" \/>\n<meta property=\"og:type\" content=\"article\" \/>\n<meta property=\"og:title\" content=\"Datenschutzerkl\u00e4rung - Deutsch\" \/>\n<meta property=\"og:url\" content=\"https:\/\/solo-musica.de\/en\/datenschutz\/\" \/>\n<meta property=\"og:site_name\" content=\"Deutsch\" \/>\n<meta property=\"article:modified_time\" content=\"2021-07-27T15:10:40+00:00\" \/>\n<meta name=\"twitter:card\" content=\"summary_large_image\" \/>\n<meta name=\"twitter:label1\" content=\"Est. reading time\" \/>\n\t<meta name=\"twitter:data1\" content=\"8 minutes\" \/>\n<script type=\"application\/ld+json\" class=\"yoast-schema-graph\">{\"@context\":\"https:\\\/\\\/schema.org\",\"@graph\":[{\"@type\":\"WebPage\",\"@id\":\"https:\\\/\\\/solo-musica.de\\\/en\\\/datenschutz\\\/\",\"url\":\"https:\\\/\\\/solo-musica.de\\\/en\\\/datenschutz\\\/\",\"name\":\"Datenschutzerkl\u00e4rung - Deutsch\",\"isPartOf\":{\"@id\":\"https:\\\/\\\/solo-musica.de\\\/#website\"},\"datePublished\":\"2019-04-17T12:52:03+00:00\",\"dateModified\":\"2021-07-27T15:10:40+00:00\",\"breadcrumb\":{\"@id\":\"https:\\\/\\\/solo-musica.de\\\/en\\\/datenschutz\\\/#breadcrumb\"},\"inLanguage\":\"en-US\",\"potentialAction\":[{\"@type\":\"ReadAction\",\"target\":[\"https:\\\/\\\/solo-musica.de\\\/en\\\/datenschutz\\\/\"]}]},{\"@type\":\"BreadcrumbList\",\"@id\":\"https:\\\/\\\/solo-musica.de\\\/en\\\/datenschutz\\\/#breadcrumb\",\"itemListElement\":[{\"@type\":\"ListItem\",\"position\":1,\"name\":\"Startseite\",\"item\":\"https:\\\/\\\/solo-musica.de\\\/\"},{\"@type\":\"ListItem\",\"position\":2,\"name\":\"Datenschutzerkl\u00e4rung\"}]},{\"@type\":\"WebSite\",\"@id\":\"https:\\\/\\\/solo-musica.de\\\/#website\",\"url\":\"https:\\\/\\\/solo-musica.de\\\/\",\"name\":\"Deutsch\",\"description\":\"ARTIST FIRST!\",\"publisher\":{\"@id\":\"https:\\\/\\\/solo-musica.de\\\/#organization\"},\"potentialAction\":[{\"@type\":\"SearchAction\",\"target\":{\"@type\":\"EntryPoint\",\"urlTemplate\":\"https:\\\/\\\/solo-musica.de\\\/?s={search_term_string}\"},\"query-input\":{\"@type\":\"PropertyValueSpecification\",\"valueRequired\":true,\"valueName\":\"search_term_string\"}}],\"inLanguage\":\"en-US\"},{\"@type\":\"Organization\",\"@id\":\"https:\\\/\\\/solo-musica.de\\\/#organization\",\"name\":\"Deutsch\",\"url\":\"https:\\\/\\\/solo-musica.de\\\/\",\"logo\":{\"@type\":\"ImageObject\",\"inLanguage\":\"en-US\",\"@id\":\"https:\\\/\\\/solo-musica.de\\\/#\\\/schema\\\/logo\\\/image\\\/\",\"url\":\"https:\\\/\\\/solo-musica.de\\\/wp-content\\\/uploads\\\/2020\\\/12\\\/logo-180.png\",\"contentUrl\":\"https:\\\/\\\/solo-musica.de\\\/wp-content\\\/uploads\\\/2020\\\/12\\\/logo-180.png\",\"width\":180,\"height\":180,\"caption\":\"Deutsch\"},\"image\":{\"@id\":\"https:\\\/\\\/solo-musica.de\\\/#\\\/schema\\\/logo\\\/image\\\/\"}}]}<\/script>\n<!-- \/ Yoast SEO plugin. -->","yoast_head_json":{"title":"Datenschutzerkl\u00e4rung - Deutsch","robots":{"index":"index","follow":"follow","max-snippet":"max-snippet:-1","max-image-preview":"max-image-preview:large","max-video-preview":"max-video-preview:-1"},"canonical":"https:\/\/solo-musica.de\/en\/datenschutz\/","og_locale":"en_US","og_type":"article","og_title":"Datenschutzerkl\u00e4rung - Deutsch","og_url":"https:\/\/solo-musica.de\/en\/datenschutz\/","og_site_name":"Deutsch","article_modified_time":"2021-07-27T15:10:40+00:00","twitter_card":"summary_large_image","twitter_misc":{"Est. reading time":"8 minutes"},"schema":{"@context":"https:\/\/schema.org","@graph":[{"@type":"WebPage","@id":"https:\/\/solo-musica.de\/en\/datenschutz\/","url":"https:\/\/solo-musica.de\/en\/datenschutz\/","name":"Datenschutzerkl\u00e4rung - Deutsch","isPartOf":{"@id":"https:\/\/solo-musica.de\/#website"},"datePublished":"2019-04-17T12:52:03+00:00","dateModified":"2021-07-27T15:10:40+00:00","breadcrumb":{"@id":"https:\/\/solo-musica.de\/en\/datenschutz\/#breadcrumb"},"inLanguage":"en-US","potentialAction":[{"@type":"ReadAction","target":["https:\/\/solo-musica.de\/en\/datenschutz\/"]}]},{"@type":"BreadcrumbList","@id":"https:\/\/solo-musica.de\/en\/datenschutz\/#breadcrumb","itemListElement":[{"@type":"ListItem","position":1,"name":"Startseite","item":"https:\/\/solo-musica.de\/"},{"@type":"ListItem","position":2,"name":"Datenschutzerkl\u00e4rung"}]},{"@type":"WebSite","@id":"https:\/\/solo-musica.de\/#website","url":"https:\/\/solo-musica.de\/","name":"Deutsch","description":"ARTIST FIRST!","publisher":{"@id":"https:\/\/solo-musica.de\/#organization"},"potentialAction":[{"@type":"SearchAction","target":{"@type":"EntryPoint","urlTemplate":"https:\/\/solo-musica.de\/?s={search_term_string}"},"query-input":{"@type":"PropertyValueSpecification","valueRequired":true,"valueName":"search_term_string"}}],"inLanguage":"en-US"},{"@type":"Organization","@id":"https:\/\/solo-musica.de\/#organization","name":"Deutsch","url":"https:\/\/solo-musica.de\/","logo":{"@type":"ImageObject","inLanguage":"en-US","@id":"https:\/\/solo-musica.de\/#\/schema\/logo\/image\/","url":"https:\/\/solo-musica.de\/wp-content\/uploads\/2020\/12\/logo-180.png","contentUrl":"https:\/\/solo-musica.de\/wp-content\/uploads\/2020\/12\/logo-180.png","width":180,"height":180,"caption":"Deutsch"},"image":{"@id":"https:\/\/solo-musica.de\/#\/schema\/logo\/image\/"}}]}},"_links":{"self":[{"href":"https:\/\/solo-musica.de\/en\/wp-json\/wp\/v2\/pages\/7456","targetHints":{"allow":["GET"]}}],"collection":[{"href":"https:\/\/solo-musica.de\/en\/wp-json\/wp\/v2\/pages"}],"about":[{"href":"https:\/\/solo-musica.de\/en\/wp-json\/wp\/v2\/types\/page"}],"author":[{"embeddable":true,"href":"https:\/\/solo-musica.de\/en\/wp-json\/wp\/v2\/users\/1"}],"replies":[{"embeddable":true,"href":"https:\/\/solo-musica.de\/en\/wp-json\/wp\/v2\/comments?post=7456"}],"version-history":[{"count":1,"href":"https:\/\/solo-musica.de\/en\/wp-json\/wp\/v2\/pages\/7456\/revisions"}],"predecessor-version":[{"id":13853,"href":"https:\/\/solo-musica.de\/en\/wp-json\/wp\/v2\/pages\/7456\/revisions\/13853"}],"wp:attachment":[{"href":"https:\/\/solo-musica.de\/en\/wp-json\/wp\/v2\/media?parent=7456"}],"curies":[{"name":"wp","href":"https:\/\/api.w.org\/{rel}","templated":true}]}}