{"id":230,"date":"2019-04-24T17:17:07","date_gmt":"2019-04-24T15:17:07","guid":{"rendered":"http:\/\/shop.solo-musica.de\/?page_id=230"},"modified":"2025-03-26T15:16:17","modified_gmt":"2025-03-26T14:16:17","slug":"muenchner-symphoniker2","status":"publish","type":"page","link":"https:\/\/solo-musica.de\/en\/muenchner-symphoniker2\/","title":{"rendered":"M\u00fcnchner Symphoniker"},"content":{"rendered":"\r\n<div class=\"wp-block-image\"><figure class=\"alignleft\"><img decoding=\"async\" src=\"https:\/\/i2.wp.com\/solo-musica.de\/wp-content\/uploads\/2017\/11\/Muenchner-Symphoniker.jpg?resize=250%2C250\" alt=\"\" class=\"wp-image-1300\"\/><\/figure><\/div>\r\n\r\n\r\n\r\n<p><strong>Die M\u00fcnchner Symphoniker \u2013 Der Klang unserer Stadt<\/strong><br>Im Logo der M\u00fcnchner Symphoniker ragen wegweisend die Fl\u00fcgel jenes goldenen Friedensengels empor, der am Ufer der Isar \u00fcber die bayerische Landeshauptstadt wacht. Als eines der vier Symphonieorchester der Stadt sind die M\u00fcnchner Symphoniker der Stadt M\u00fcnchen und ihrer Musiktradition intensiv verbunden. \u201eDer Klang unserer Stadt\u201c ist f\u00fcr das Orchester Motto und Auftrag zugleich: Mit seinen vier Abo-Reihen in den gro\u00dfen S\u00e4len der Stadt z\u00e4hlt es zu den profilierten Klangk\u00f6rpern vor Ort, und mit Konzertreisen tr\u00e4gt es den \u201eKlang unserer Stadt\u201c \u00fcber die Stadtgrenzen hinaus.<\/p>\r\n\r\n\r\n\r\n<p>Das klassisch-romantische Orchester-Repertoire steht f\u00fcr die M\u00fcnchner Symphoniker im Zentrum. Dabei ist es das Ziel des Orchesters, die Tradition zu pflegen und gleichzeitig neue H\u00f6rerlebnisse zu schaffen. Namhafte Solisten und aufstrebende Jungstars der Klassikszene gastieren als Partner des Orchesters. Auch am Pult stehen erfahrene Dirigenten neben solchen, deren gro\u00dfe Karriere gerade begonnen hat. Seit Beginn der Saison 2014\/2015 pr\u00e4gt Kevin John Edusei als Chefdirigent die musikalische Entwicklung des Orchesters. Mit dem deutsch-amerikanischen Dirigenten Ken-David Masur steht als 1. Gastdirigent ein weiterer junger Dirigent am Pult. Den Titel des Ehrendirigenten tr\u00e4gt Philippe Entremont.<\/p>\r\n\r\n\r\n\r\n<p>Gleichrangig neben der Klassik pflegen die M\u00fcnchner Symphoniker hochkar\u00e4tige Produktionen aus den Bereichen Oper, Filmmusik und Show. Pro Jahr stehen rund 110 Konzerte auf dem Programm, in denen das Publikum das breite Repertoire und den extrovertierten Musizierstil des Orchesters erleben kann. Werke aller musikalischen Gattungen stehen auf dem Programm: Filmliebhaber sch\u00e4tzen die Live-Auff\u00fchrungen der Filmmusik zu \u201eDer Herr der Ringe\u201c oder Disneys \u201eFantasia\u201c, andere lassen sich gerne in Roncallis \u201eCircus meets Classic\u201c unterhalten, Operng\u00e4nger kommen beim Opernfestival auf Gut Immling in den Genuss der M\u00fcnchner Symphoniker. H\u00f6hepunkte der Saison 2016\/2017 sind eine neue Kooperation mit der bayerischen Band Dreiviertelblut, Richard Blackfords St\u00fcck&nbsp;<em>The Great Animal Orchestra<\/em>&nbsp;\u2013 bei dem sich Tierstimmen unter den Orchesterklang mischen \u2013 und eine Deutschland Tournee mit Pepe Romero im April 2017.<\/p>\r\n\r\n\r\n\r\n<h2 class=\"wp-block-heading\">Diskographie<\/h2>\r\n\r\n\r\n\r\n<figure class=\"wp-block-image\"><a href=\"https:\/\/shop.solo-musica.de\/produkt\/muenchner-symphoniker-kevin-john-edusei-titel-schubert-symphonie-nr-5-6\/\" target=\"_blank\" rel=\"noreferrer noopener\"><img decoding=\"async\" src=\"https:\/\/i1.wp.com\/solo-musica.de\/wp-content\/uploads\/2018\/10\/SM296_cover_front_800.jpg?resize=150%2C150&amp;ssl=1\" alt=\"\"\/><\/a><\/figure>\r\n\r\n\r\n\r\n<figure class=\"wp-block-image\"><a href=\"https:\/\/shop.solo-musica.de\/produkt\/muenchner-symphoniker-franz-schubert-symphonien-nr-4-7\/\" target=\"_blank\" rel=\"noreferrer noopener\"><img decoding=\"async\" src=\"https:\/\/i0.wp.com\/solo-musica.de\/wp-content\/uploads\/2017\/10\/SM273_cover_front.jpg?resize=150%2C150&amp;ssl=1\" alt=\"\"\/><\/a><\/figure>\r\n\r\n\r\n\r\n<figure class=\"wp-block-image\"><a href=\"https:\/\/shop.solo-musica.de\/produkt\/max-mueller-muenchner-symphoniker-der-nussknacker\/\" target=\"_blank\" rel=\"noreferrer noopener\"><img decoding=\"async\" src=\"https:\/\/i2.wp.com\/solo-musica.de\/wp-content\/uploads\/2016\/12\/Nussknacker.jpg?resize=150%2C150&amp;ssl=1\" alt=\"\"\/><\/a><\/figure>\r\n","protected":false},"excerpt":{"rendered":"<p>Die M\u00fcnchner Symphoniker \u2013 Der Klang unserer StadtIm Logo der M\u00fcnchner Symphoniker ragen wegweisend die Fl\u00fcgel jenes goldenen Friedensengels empor, der am Ufer der Isar \u00fcber die bayerische Landeshauptstadt wacht. Als eines der vier Symphonieorchester der Stadt sind die M\u00fcnchner Symphoniker der Stadt M\u00fcnchen und ihrer Musiktradition intensiv verbunden. \u201eDer Klang unserer Stadt\u201c ist f\u00fcr [&hellip;]<\/p>\n","protected":false},"author":1,"featured_media":0,"parent":0,"menu_order":0,"comment_status":"closed","ping_status":"closed","template":"","meta":{"footnotes":""},"class_list":["post-230","page","type-page","status-publish","hentry"],"translation":{"provider":"WPGlobus","version":"3.0.2","language":"en","enabled_languages":["de","en"],"languages":{"de":{"title":true,"content":true,"excerpt":false},"en":{"title":false,"content":false,"excerpt":false}}},"yoast_head":"<!-- This site is optimized with the Yoast SEO plugin v27.4 - https:\/\/yoast.com\/product\/yoast-seo-wordpress\/ -->\n<title>M\u00fcnchner Symphoniker - Deutsch<\/title>\n<meta name=\"robots\" content=\"index, follow, max-snippet:-1, max-image-preview:large, max-video-preview:-1\" \/>\n<link rel=\"canonical\" href=\"https:\/\/solo-musica.de\/muenchner-symphoniker2\/\" \/>\n<meta property=\"og:locale\" content=\"en_US\" \/>\n<meta property=\"og:type\" content=\"article\" \/>\n<meta property=\"og:title\" content=\"M\u00fcnchner Symphoniker - Deutsch\" \/>\n<meta property=\"og:url\" content=\"https:\/\/solo-musica.de\/muenchner-symphoniker2\/\" \/>\n<meta property=\"og:site_name\" content=\"Deutsch\" \/>\n<meta property=\"article:modified_time\" content=\"2025-03-26T14:16:17+00:00\" \/>\n<meta property=\"og:image\" content=\"https:\/\/solo-musica.de\/wp-content\/uploads\/2017\/11\/Muenchner-Symphoniker-1.jpg\" \/>\n\t<meta property=\"og:image:width\" content=\"250\" \/>\n\t<meta property=\"og:image:height\" content=\"250\" \/>\n\t<meta property=\"og:image:type\" content=\"image\/jpeg\" \/>\n<meta name=\"twitter:card\" content=\"summary_large_image\" \/>\n<meta name=\"twitter:label1\" content=\"Est. reading time\" \/>\n\t<meta name=\"twitter:data1\" content=\"3 minutes\" \/>\n<script type=\"application\/ld+json\" class=\"yoast-schema-graph\">{\"@context\":\"https:\\\/\\\/schema.org\",\"@graph\":[{\"@type\":\"WebPage\",\"@id\":\"https:\\\/\\\/solo-musica.de\\\/muenchner-symphoniker2\\\/\",\"url\":\"https:\\\/\\\/solo-musica.de\\\/muenchner-symphoniker2\\\/\",\"name\":\"M\u00fcnchner Symphoniker - Deutsch\",\"isPartOf\":{\"@id\":\"https:\\\/\\\/solo-musica.de\\\/#website\"},\"primaryImageOfPage\":{\"@id\":\"https:\\\/\\\/solo-musica.de\\\/muenchner-symphoniker2\\\/#primaryimage\"},\"image\":{\"@id\":\"https:\\\/\\\/solo-musica.de\\\/muenchner-symphoniker2\\\/#primaryimage\"},\"thumbnailUrl\":\"https:\\\/\\\/i2.wp.com\\\/solo-musica.de\\\/wp-content\\\/uploads\\\/2017\\\/11\\\/Muenchner-Symphoniker.jpg?resize=250%2C250\",\"datePublished\":\"2019-04-24T15:17:07+00:00\",\"dateModified\":\"2025-03-26T14:16:17+00:00\",\"breadcrumb\":{\"@id\":\"https:\\\/\\\/solo-musica.de\\\/muenchner-symphoniker2\\\/#breadcrumb\"},\"inLanguage\":\"en-US\",\"potentialAction\":[{\"@type\":\"ReadAction\",\"target\":[\"https:\\\/\\\/solo-musica.de\\\/muenchner-symphoniker2\\\/\"]}]},{\"@type\":\"ImageObject\",\"inLanguage\":\"en-US\",\"@id\":\"https:\\\/\\\/solo-musica.de\\\/muenchner-symphoniker2\\\/#primaryimage\",\"url\":\"https:\\\/\\\/i2.wp.com\\\/solo-musica.de\\\/wp-content\\\/uploads\\\/2017\\\/11\\\/Muenchner-Symphoniker.jpg?resize=250%2C250\",\"contentUrl\":\"https:\\\/\\\/i2.wp.com\\\/solo-musica.de\\\/wp-content\\\/uploads\\\/2017\\\/11\\\/Muenchner-Symphoniker.jpg?resize=250%2C250\"},{\"@type\":\"BreadcrumbList\",\"@id\":\"https:\\\/\\\/solo-musica.de\\\/muenchner-symphoniker2\\\/#breadcrumb\",\"itemListElement\":[{\"@type\":\"ListItem\",\"position\":1,\"name\":\"Startseite\",\"item\":\"https:\\\/\\\/solo-musica.de\\\/\"},{\"@type\":\"ListItem\",\"position\":2,\"name\":\"M\u00fcnchner Symphoniker\"}]},{\"@type\":\"WebSite\",\"@id\":\"https:\\\/\\\/solo-musica.de\\\/#website\",\"url\":\"https:\\\/\\\/solo-musica.de\\\/\",\"name\":\"Deutsch\",\"description\":\"ARTIST FIRST!\",\"publisher\":{\"@id\":\"https:\\\/\\\/solo-musica.de\\\/#organization\"},\"potentialAction\":[{\"@type\":\"SearchAction\",\"target\":{\"@type\":\"EntryPoint\",\"urlTemplate\":\"https:\\\/\\\/solo-musica.de\\\/?s={search_term_string}\"},\"query-input\":{\"@type\":\"PropertyValueSpecification\",\"valueRequired\":true,\"valueName\":\"search_term_string\"}}],\"inLanguage\":\"en-US\"},{\"@type\":\"Organization\",\"@id\":\"https:\\\/\\\/solo-musica.de\\\/#organization\",\"name\":\"Deutsch\",\"url\":\"https:\\\/\\\/solo-musica.de\\\/\",\"logo\":{\"@type\":\"ImageObject\",\"inLanguage\":\"en-US\",\"@id\":\"https:\\\/\\\/solo-musica.de\\\/#\\\/schema\\\/logo\\\/image\\\/\",\"url\":\"https:\\\/\\\/solo-musica.de\\\/wp-content\\\/uploads\\\/2020\\\/12\\\/logo-180.png\",\"contentUrl\":\"https:\\\/\\\/solo-musica.de\\\/wp-content\\\/uploads\\\/2020\\\/12\\\/logo-180.png\",\"width\":180,\"height\":180,\"caption\":\"Deutsch\"},\"image\":{\"@id\":\"https:\\\/\\\/solo-musica.de\\\/#\\\/schema\\\/logo\\\/image\\\/\"}}]}<\/script>\n<!-- \/ Yoast SEO plugin. -->","yoast_head_json":{"title":"M\u00fcnchner Symphoniker - Deutsch","robots":{"index":"index","follow":"follow","max-snippet":"max-snippet:-1","max-image-preview":"max-image-preview:large","max-video-preview":"max-video-preview:-1"},"canonical":"https:\/\/solo-musica.de\/muenchner-symphoniker2\/","og_locale":"en_US","og_type":"article","og_title":"M\u00fcnchner Symphoniker - Deutsch","og_url":"https:\/\/solo-musica.de\/muenchner-symphoniker2\/","og_site_name":"Deutsch","article_modified_time":"2025-03-26T14:16:17+00:00","og_image":[{"width":250,"height":250,"url":"https:\/\/solo-musica.de\/wp-content\/uploads\/2017\/11\/Muenchner-Symphoniker-1.jpg","type":"image\/jpeg"}],"twitter_card":"summary_large_image","twitter_misc":{"Est. reading time":"3 minutes"},"schema":{"@context":"https:\/\/schema.org","@graph":[{"@type":"WebPage","@id":"https:\/\/solo-musica.de\/muenchner-symphoniker2\/","url":"https:\/\/solo-musica.de\/muenchner-symphoniker2\/","name":"M\u00fcnchner Symphoniker - Deutsch","isPartOf":{"@id":"https:\/\/solo-musica.de\/#website"},"primaryImageOfPage":{"@id":"https:\/\/solo-musica.de\/muenchner-symphoniker2\/#primaryimage"},"image":{"@id":"https:\/\/solo-musica.de\/muenchner-symphoniker2\/#primaryimage"},"thumbnailUrl":"https:\/\/i2.wp.com\/solo-musica.de\/wp-content\/uploads\/2017\/11\/Muenchner-Symphoniker.jpg?resize=250%2C250","datePublished":"2019-04-24T15:17:07+00:00","dateModified":"2025-03-26T14:16:17+00:00","breadcrumb":{"@id":"https:\/\/solo-musica.de\/muenchner-symphoniker2\/#breadcrumb"},"inLanguage":"en-US","potentialAction":[{"@type":"ReadAction","target":["https:\/\/solo-musica.de\/muenchner-symphoniker2\/"]}]},{"@type":"ImageObject","inLanguage":"en-US","@id":"https:\/\/solo-musica.de\/muenchner-symphoniker2\/#primaryimage","url":"https:\/\/i2.wp.com\/solo-musica.de\/wp-content\/uploads\/2017\/11\/Muenchner-Symphoniker.jpg?resize=250%2C250","contentUrl":"https:\/\/i2.wp.com\/solo-musica.de\/wp-content\/uploads\/2017\/11\/Muenchner-Symphoniker.jpg?resize=250%2C250"},{"@type":"BreadcrumbList","@id":"https:\/\/solo-musica.de\/muenchner-symphoniker2\/#breadcrumb","itemListElement":[{"@type":"ListItem","position":1,"name":"Startseite","item":"https:\/\/solo-musica.de\/"},{"@type":"ListItem","position":2,"name":"M\u00fcnchner Symphoniker"}]},{"@type":"WebSite","@id":"https:\/\/solo-musica.de\/#website","url":"https:\/\/solo-musica.de\/","name":"Deutsch","description":"ARTIST FIRST!","publisher":{"@id":"https:\/\/solo-musica.de\/#organization"},"potentialAction":[{"@type":"SearchAction","target":{"@type":"EntryPoint","urlTemplate":"https:\/\/solo-musica.de\/?s={search_term_string}"},"query-input":{"@type":"PropertyValueSpecification","valueRequired":true,"valueName":"search_term_string"}}],"inLanguage":"en-US"},{"@type":"Organization","@id":"https:\/\/solo-musica.de\/#organization","name":"Deutsch","url":"https:\/\/solo-musica.de\/","logo":{"@type":"ImageObject","inLanguage":"en-US","@id":"https:\/\/solo-musica.de\/#\/schema\/logo\/image\/","url":"https:\/\/solo-musica.de\/wp-content\/uploads\/2020\/12\/logo-180.png","contentUrl":"https:\/\/solo-musica.de\/wp-content\/uploads\/2020\/12\/logo-180.png","width":180,"height":180,"caption":"Deutsch"},"image":{"@id":"https:\/\/solo-musica.de\/#\/schema\/logo\/image\/"}}]}},"_links":{"self":[{"href":"https:\/\/solo-musica.de\/en\/wp-json\/wp\/v2\/pages\/230","targetHints":{"allow":["GET"]}}],"collection":[{"href":"https:\/\/solo-musica.de\/en\/wp-json\/wp\/v2\/pages"}],"about":[{"href":"https:\/\/solo-musica.de\/en\/wp-json\/wp\/v2\/types\/page"}],"author":[{"embeddable":true,"href":"https:\/\/solo-musica.de\/en\/wp-json\/wp\/v2\/users\/1"}],"replies":[{"embeddable":true,"href":"https:\/\/solo-musica.de\/en\/wp-json\/wp\/v2\/comments?post=230"}],"version-history":[{"count":1,"href":"https:\/\/solo-musica.de\/en\/wp-json\/wp\/v2\/pages\/230\/revisions"}],"predecessor-version":[{"id":20460,"href":"https:\/\/solo-musica.de\/en\/wp-json\/wp\/v2\/pages\/230\/revisions\/20460"}],"wp:attachment":[{"href":"https:\/\/solo-musica.de\/en\/wp-json\/wp\/v2\/media?parent=230"}],"curies":[{"name":"wp","href":"https:\/\/api.w.org\/{rel}","templated":true}]}}