{"id":15792,"date":"2022-03-17T14:58:58","date_gmt":"2022-03-17T13:58:58","guid":{"rendered":"https:\/\/solo-musica.de\/?page_id=15792"},"modified":"2025-12-22T14:51:46","modified_gmt":"2025-12-22T13:51:46","slug":"newsletter-neu","status":"publish","type":"page","link":"https:\/\/solo-musica.de\/en\/newsletter-neu\/","title":{"rendered":"Solo Musica Newsletter"},"content":{"rendered":"<h3>Newsletter-Anmeldung<\/h3>\n<p>Verpassen Sie keine Ver\u00f6ffentlichung und wichtige Neuigkeiten \u00fcber unsere K\u00fcnstler*innen, Labels und Partner mehr. Melden Sie sich gleich an und erhalten Sie den Solo Musica\u2013Newsletter! Hinweise zur Verarbeitung Ihrer Daten finden Sie in unserer <a href=\"https:\/\/solo-musica.de\/datenschutz\/\">Datenschutzerkl\u00e4rung<\/a>. <p><div class=\"tnp tnp-subscription \">\n<form method=\"post\" action=\"https:\/\/solo-musica.de\/wp-admin\/admin-ajax.php?action=tnp&amp;na=s\">\n<input type=\"hidden\" name=\"nlang\" value=\"\">\n<div class=\"tnp-field tnp-field-firstname\"><label for=\"tnp-1\">Name<\/label>\n<input class=\"tnp-name\" type=\"text\" name=\"nn\" id=\"tnp-1\" value=\"\" placeholder=\"\"><\/div>\n<div class=\"tnp-field tnp-field-email\"><label for=\"tnp-2\">Email<\/label>\n<input class=\"tnp-email\" type=\"email\" name=\"ne\" id=\"tnp-2\" value=\"\" placeholder=\"\" required><\/div>\n<div class=\"tnp-field tnp-privacy-field\"><label><input type=\"checkbox\" name=\"ny\" required class=\"tnp-privacy\"> <a target=\"_blank\" href=\"https:\/\/solo-musica.de\/datenschutz\">Durch anklicken akzeptieren Sie unsere Datenschutzerkl\u00e4rung<\/a><\/label><\/div><div class=\"tnp-field tnp-field-button\" style=\"text-align: left\"><input class=\"tnp-submit\" type=\"submit\" value=\"Abonnieren\" style=\"\">\n<\/div>\n<\/form>\n<\/div>\n<\/p><\/p>\n<hr \/>\n<h3>Aktueller Newsletter<\/h3>\n<p><iframe style=\"width: 60%; height: 800px; border: 1px solid grey;\" title=\"Aktueller Newsletter\" src=\"https:\/\/solo-musica.de\/?na=view&amp;id=42\" name=\"iFrame\"><\/iframe><\/p>\n<h3>Newsletter-Archiv<\/h3>\n<div class=\"tnp-archive\"> <ul><li><a href=\"https:\/\/solo-musica.de\/en?na=view&id=42\" target=\"_blank\">Solo Musica Newsletter Winter 2025<\/a><\/li><li><a href=\"https:\/\/solo-musica.de\/en?na=view&id=41\" target=\"_blank\">Opus Klassik 2025 Award f\u00fcr TrioColores!<\/a><\/li><li><a href=\"https:\/\/solo-musica.de\/en?na=view&id=40\" target=\"_blank\">20 Jahre Solo Musica!<\/a><\/li><li><a href=\"https:\/\/solo-musica.de\/en?na=view&id=39\" target=\"_blank\">Solo Musica Newsletter Winter 2024<\/a><\/li><li><a href=\"https:\/\/solo-musica.de\/en?na=view&id=38\" target=\"_blank\">Solo Musica Newsletter Sommer 2024<\/a><\/li><li><a href=\"https:\/\/solo-musica.de\/en?na=view&id=37\" target=\"_blank\">Solo Musica Newsletter Winter 2023\/2024<\/a><\/li><li><a href=\"https:\/\/solo-musica.de\/en?na=view&id=36\" target=\"_blank\">Solo Musica Nikolaus-Newsletter 2023<\/a><\/li><li><a href=\"https:\/\/solo-musica.de\/en?na=view&id=35\" target=\"_blank\">Solo Musica Newsletter Herbst 2023<\/a><\/li><li><a href=\"https:\/\/solo-musica.de\/en?na=view&id=34\" target=\"_blank\">Solo Musica Newsletter Fr\u00fchjahr 2023<\/a><\/li><li><a href=\"https:\/\/solo-musica.de\/en?na=view&id=30\" target=\"_blank\">Nikolaus-Newsletter Dezember 2022<\/a><\/li><li><a href=\"https:\/\/solo-musica.de\/en?na=view&id=27\" target=\"_blank\">Newsletter Solo Musica Herbst\/Winter 2022<\/a><\/li><li><a href=\"https:\/\/solo-musica.de\/en?na=view&id=26\" target=\"_blank\">Newsletter Solo Musica April 2022<\/a><\/li><li><a href=\"https:\/\/solo-musica.de\/en?na=view&id=21\" target=\"_blank\">Newsletter Solo Musica M\u00e4rz 2022<\/a><\/li><li><a href=\"https:\/\/solo-musica.de\/en?na=view&id=20\" target=\"_blank\">Newsletter Solo Musica Januar 2022<\/a><\/li><li><a href=\"https:\/\/solo-musica.de\/en?na=view&id=12\" target=\"_blank\">Newsletter Solo Musica Dezember 2021<\/a><\/li><li><a href=\"https:\/\/solo-musica.de\/en?na=view&id=11\" target=\"_blank\">Newsletter Solo Musica Oktober 2021<\/a><\/li><li><a href=\"https:\/\/solo-musica.de\/en?na=view&id=9\" target=\"_blank\">Newsletter Solo Musica September 2021<\/a><\/li><li><a href=\"https:\/\/solo-musica.de\/en?na=view&id=7\" target=\"_blank\">Newsletter Solo Musica August 2021<\/a><\/li><li><a href=\"https:\/\/solo-musica.de\/en?na=view&id=6\" target=\"_blank\">Newsletter Solo Musica Juli 2021<\/a><\/li><\/ul><\/div>\n","protected":false},"excerpt":{"rendered":"<p>Newsletter-Anmeldung Verpassen Sie keine Ver\u00f6ffentlichung und wichtige Neuigkeiten \u00fcber unsere K\u00fcnstler*innen, Labels und Partner mehr. Melden Sie sich gleich an und erhalten Sie den Solo Musica\u2013Newsletter! Hinweise zur Verarbeitung Ihrer Daten finden Sie in unserer Datenschutzerkl\u00e4rung. Aktueller Newsletter Newsletter-Archiv<\/p>\n","protected":false},"author":2,"featured_media":17012,"parent":0,"menu_order":0,"comment_status":"closed","ping_status":"closed","template":"","meta":{"footnotes":""},"class_list":["post-15792","page","type-page","status-publish","has-post-thumbnail","hentry"],"translation":{"provider":"WPGlobus","version":"3.0.2","language":"en","enabled_languages":["de","en"],"languages":{"de":{"title":true,"content":true,"excerpt":false},"en":{"title":false,"content":false,"excerpt":false}}},"yoast_head":"<!-- This site is optimized with the Yoast SEO plugin v27.4 - https:\/\/yoast.com\/product\/yoast-seo-wordpress\/ -->\n<title>Solo Musica Newsletter - Deutsch<\/title>\n<meta name=\"robots\" content=\"index, follow, max-snippet:-1, max-image-preview:large, max-video-preview:-1\" \/>\n<link rel=\"canonical\" href=\"https:\/\/solo-musica.de\/newsletter-neu\/\" \/>\n<meta property=\"og:locale\" content=\"en_US\" \/>\n<meta property=\"og:type\" content=\"article\" \/>\n<meta property=\"og:title\" content=\"Solo Musica Newsletter - Deutsch\" \/>\n<meta property=\"og:url\" content=\"https:\/\/solo-musica.de\/newsletter-neu\/\" \/>\n<meta property=\"og:site_name\" content=\"Deutsch\" \/>\n<meta property=\"article:modified_time\" content=\"2025-12-22T13:51:46+00:00\" \/>\n<meta property=\"og:image\" content=\"https:\/\/solo-musica.de\/wp-content\/uploads\/2022\/12\/NL-061222-1.jpg\" \/>\n\t<meta property=\"og:image:width\" content=\"717\" \/>\n\t<meta property=\"og:image:height\" content=\"411\" \/>\n\t<meta property=\"og:image:type\" content=\"image\/jpeg\" \/>\n<meta name=\"twitter:card\" content=\"summary_large_image\" \/>\n<meta name=\"twitter:label1\" content=\"Est. reading time\" \/>\n\t<meta name=\"twitter:data1\" content=\"1 minute\" \/>\n<script type=\"application\/ld+json\" class=\"yoast-schema-graph\">{\"@context\":\"https:\\\/\\\/schema.org\",\"@graph\":[{\"@type\":\"WebPage\",\"@id\":\"https:\\\/\\\/solo-musica.de\\\/newsletter-neu\\\/\",\"url\":\"https:\\\/\\\/solo-musica.de\\\/newsletter-neu\\\/\",\"name\":\"Solo Musica Newsletter - Deutsch\",\"isPartOf\":{\"@id\":\"https:\\\/\\\/solo-musica.de\\\/#website\"},\"primaryImageOfPage\":{\"@id\":\"https:\\\/\\\/solo-musica.de\\\/newsletter-neu\\\/#primaryimage\"},\"image\":{\"@id\":\"https:\\\/\\\/solo-musica.de\\\/newsletter-neu\\\/#primaryimage\"},\"thumbnailUrl\":\"https:\\\/\\\/solo-musica.de\\\/wp-content\\\/uploads\\\/2022\\\/12\\\/NL-061222-1.jpg\",\"datePublished\":\"2022-03-17T13:58:58+00:00\",\"dateModified\":\"2025-12-22T13:51:46+00:00\",\"breadcrumb\":{\"@id\":\"https:\\\/\\\/solo-musica.de\\\/newsletter-neu\\\/#breadcrumb\"},\"inLanguage\":\"en-US\",\"potentialAction\":[{\"@type\":\"ReadAction\",\"target\":[\"https:\\\/\\\/solo-musica.de\\\/newsletter-neu\\\/\"]}]},{\"@type\":\"ImageObject\",\"inLanguage\":\"en-US\",\"@id\":\"https:\\\/\\\/solo-musica.de\\\/newsletter-neu\\\/#primaryimage\",\"url\":\"https:\\\/\\\/solo-musica.de\\\/wp-content\\\/uploads\\\/2022\\\/12\\\/NL-061222-1.jpg\",\"contentUrl\":\"https:\\\/\\\/solo-musica.de\\\/wp-content\\\/uploads\\\/2022\\\/12\\\/NL-061222-1.jpg\",\"width\":717,\"height\":411},{\"@type\":\"BreadcrumbList\",\"@id\":\"https:\\\/\\\/solo-musica.de\\\/newsletter-neu\\\/#breadcrumb\",\"itemListElement\":[{\"@type\":\"ListItem\",\"position\":1,\"name\":\"Startseite\",\"item\":\"https:\\\/\\\/solo-musica.de\\\/\"},{\"@type\":\"ListItem\",\"position\":2,\"name\":\"Solo Musica Newsletter\"}]},{\"@type\":\"WebSite\",\"@id\":\"https:\\\/\\\/solo-musica.de\\\/#website\",\"url\":\"https:\\\/\\\/solo-musica.de\\\/\",\"name\":\"Deutsch\",\"description\":\"ARTIST FIRST!\",\"publisher\":{\"@id\":\"https:\\\/\\\/solo-musica.de\\\/#organization\"},\"potentialAction\":[{\"@type\":\"SearchAction\",\"target\":{\"@type\":\"EntryPoint\",\"urlTemplate\":\"https:\\\/\\\/solo-musica.de\\\/?s={search_term_string}\"},\"query-input\":{\"@type\":\"PropertyValueSpecification\",\"valueRequired\":true,\"valueName\":\"search_term_string\"}}],\"inLanguage\":\"en-US\"},{\"@type\":\"Organization\",\"@id\":\"https:\\\/\\\/solo-musica.de\\\/#organization\",\"name\":\"Deutsch\",\"url\":\"https:\\\/\\\/solo-musica.de\\\/\",\"logo\":{\"@type\":\"ImageObject\",\"inLanguage\":\"en-US\",\"@id\":\"https:\\\/\\\/solo-musica.de\\\/#\\\/schema\\\/logo\\\/image\\\/\",\"url\":\"https:\\\/\\\/solo-musica.de\\\/wp-content\\\/uploads\\\/2020\\\/12\\\/logo-180.png\",\"contentUrl\":\"https:\\\/\\\/solo-musica.de\\\/wp-content\\\/uploads\\\/2020\\\/12\\\/logo-180.png\",\"width\":180,\"height\":180,\"caption\":\"Deutsch\"},\"image\":{\"@id\":\"https:\\\/\\\/solo-musica.de\\\/#\\\/schema\\\/logo\\\/image\\\/\"}}]}<\/script>\n<!-- \/ Yoast SEO plugin. -->","yoast_head_json":{"title":"Solo Musica Newsletter - Deutsch","robots":{"index":"index","follow":"follow","max-snippet":"max-snippet:-1","max-image-preview":"max-image-preview:large","max-video-preview":"max-video-preview:-1"},"canonical":"https:\/\/solo-musica.de\/newsletter-neu\/","og_locale":"en_US","og_type":"article","og_title":"Solo Musica Newsletter - Deutsch","og_url":"https:\/\/solo-musica.de\/newsletter-neu\/","og_site_name":"Deutsch","article_modified_time":"2025-12-22T13:51:46+00:00","og_image":[{"width":717,"height":411,"url":"https:\/\/solo-musica.de\/wp-content\/uploads\/2022\/12\/NL-061222-1.jpg","type":"image\/jpeg"}],"twitter_card":"summary_large_image","twitter_misc":{"Est. reading time":"1 minute"},"schema":{"@context":"https:\/\/schema.org","@graph":[{"@type":"WebPage","@id":"https:\/\/solo-musica.de\/newsletter-neu\/","url":"https:\/\/solo-musica.de\/newsletter-neu\/","name":"Solo Musica Newsletter - Deutsch","isPartOf":{"@id":"https:\/\/solo-musica.de\/#website"},"primaryImageOfPage":{"@id":"https:\/\/solo-musica.de\/newsletter-neu\/#primaryimage"},"image":{"@id":"https:\/\/solo-musica.de\/newsletter-neu\/#primaryimage"},"thumbnailUrl":"https:\/\/solo-musica.de\/wp-content\/uploads\/2022\/12\/NL-061222-1.jpg","datePublished":"2022-03-17T13:58:58+00:00","dateModified":"2025-12-22T13:51:46+00:00","breadcrumb":{"@id":"https:\/\/solo-musica.de\/newsletter-neu\/#breadcrumb"},"inLanguage":"en-US","potentialAction":[{"@type":"ReadAction","target":["https:\/\/solo-musica.de\/newsletter-neu\/"]}]},{"@type":"ImageObject","inLanguage":"en-US","@id":"https:\/\/solo-musica.de\/newsletter-neu\/#primaryimage","url":"https:\/\/solo-musica.de\/wp-content\/uploads\/2022\/12\/NL-061222-1.jpg","contentUrl":"https:\/\/solo-musica.de\/wp-content\/uploads\/2022\/12\/NL-061222-1.jpg","width":717,"height":411},{"@type":"BreadcrumbList","@id":"https:\/\/solo-musica.de\/newsletter-neu\/#breadcrumb","itemListElement":[{"@type":"ListItem","position":1,"name":"Startseite","item":"https:\/\/solo-musica.de\/"},{"@type":"ListItem","position":2,"name":"Solo Musica Newsletter"}]},{"@type":"WebSite","@id":"https:\/\/solo-musica.de\/#website","url":"https:\/\/solo-musica.de\/","name":"Deutsch","description":"ARTIST FIRST!","publisher":{"@id":"https:\/\/solo-musica.de\/#organization"},"potentialAction":[{"@type":"SearchAction","target":{"@type":"EntryPoint","urlTemplate":"https:\/\/solo-musica.de\/?s={search_term_string}"},"query-input":{"@type":"PropertyValueSpecification","valueRequired":true,"valueName":"search_term_string"}}],"inLanguage":"en-US"},{"@type":"Organization","@id":"https:\/\/solo-musica.de\/#organization","name":"Deutsch","url":"https:\/\/solo-musica.de\/","logo":{"@type":"ImageObject","inLanguage":"en-US","@id":"https:\/\/solo-musica.de\/#\/schema\/logo\/image\/","url":"https:\/\/solo-musica.de\/wp-content\/uploads\/2020\/12\/logo-180.png","contentUrl":"https:\/\/solo-musica.de\/wp-content\/uploads\/2020\/12\/logo-180.png","width":180,"height":180,"caption":"Deutsch"},"image":{"@id":"https:\/\/solo-musica.de\/#\/schema\/logo\/image\/"}}]}},"_links":{"self":[{"href":"https:\/\/solo-musica.de\/en\/wp-json\/wp\/v2\/pages\/15792","targetHints":{"allow":["GET"]}}],"collection":[{"href":"https:\/\/solo-musica.de\/en\/wp-json\/wp\/v2\/pages"}],"about":[{"href":"https:\/\/solo-musica.de\/en\/wp-json\/wp\/v2\/types\/page"}],"author":[{"embeddable":true,"href":"https:\/\/solo-musica.de\/en\/wp-json\/wp\/v2\/users\/2"}],"replies":[{"embeddable":true,"href":"https:\/\/solo-musica.de\/en\/wp-json\/wp\/v2\/comments?post=15792"}],"version-history":[{"count":36,"href":"https:\/\/solo-musica.de\/en\/wp-json\/wp\/v2\/pages\/15792\/revisions"}],"predecessor-version":[{"id":21642,"href":"https:\/\/solo-musica.de\/en\/wp-json\/wp\/v2\/pages\/15792\/revisions\/21642"}],"wp:featuredmedia":[{"embeddable":true,"href":"https:\/\/solo-musica.de\/en\/wp-json\/wp\/v2\/media\/17012"}],"wp:attachment":[{"href":"https:\/\/solo-musica.de\/en\/wp-json\/wp\/v2\/media?parent=15792"}],"curies":[{"name":"wp","href":"https:\/\/api.w.org\/{rel}","templated":true}]}}