{"id":13847,"date":"2021-07-27T14:53:26","date_gmt":"2021-07-27T12:53:26","guid":{"rendered":"https:\/\/solo-musica.de\/newsletter-2\/"},"modified":"2022-03-16T13:47:09","modified_gmt":"2022-03-16T12:47:09","slug":"newsletter","status":"publish","type":"page","link":"https:\/\/solo-musica.de\/en\/newsletter\/","title":{"rendered":"Newsletter"},"content":{"rendered":"<hr \/>\n<p>Verpassen Sie keine Ver\u00f6ffentlichung und wichtigen Neuigkeiten \u00fcber unsere K\u00fcnstler*innen, Labels und Partner von Solo Musica mehr.<br \/>\nMelden Sie sich gleich an und erhalten einmal im Monat den Solo Musica \u2013 Newsletter.<\/p>\n<p>Hinweise zur Verarbeitung Ihrer Daten finden Sie in unserer <a href=\"https:\/\/solo-musica.de\/datenschutz\/\">Datenschutzerkl\u00e4rung.<\/a><\/p>\n<hr \/>\n<h3>Newsletter-Anmeldung<\/h3>\n<p><div class=\"tnp tnp-subscription \">\n<form method=\"post\" action=\"https:\/\/solo-musica.de\/wp-admin\/admin-ajax.php?action=tnp&amp;na=s\">\n<input type=\"hidden\" name=\"nlang\" value=\"\">\n<div class=\"tnp-field tnp-field-firstname\"><label for=\"tnp-1\">Name<\/label>\n<input class=\"tnp-name\" type=\"text\" name=\"nn\" id=\"tnp-1\" value=\"\" placeholder=\"\"><\/div>\n<div class=\"tnp-field tnp-field-email\"><label for=\"tnp-2\">Email<\/label>\n<input class=\"tnp-email\" type=\"email\" name=\"ne\" id=\"tnp-2\" value=\"\" placeholder=\"\" required><\/div>\n<div class=\"tnp-field tnp-privacy-field\"><label><input type=\"checkbox\" name=\"ny\" required class=\"tnp-privacy\"> <a target=\"_blank\" href=\"https:\/\/solo-musica.de\/datenschutz\">Durch anklicken akzeptieren Sie unsere Datenschutzerkl\u00e4rung<\/a><\/label><\/div><div class=\"tnp-field tnp-field-button\" style=\"text-align: left\"><input class=\"tnp-submit\" type=\"submit\" value=\"Abonnieren\" style=\"\">\n<\/div>\n<\/form>\n<\/div>\n<\/p>\n<hr \/>\n<div class=\"tnp-archive\"><\/p>\n<p><ul><li><a href=\"https:\/\/solo-musica.de\/en?na=view&id=42\" target=\"_blank\">Solo Musica Newsletter Winter 2025<\/a><\/li><li><a href=\"https:\/\/solo-musica.de\/en?na=view&id=41\" target=\"_blank\">Opus Klassik 2025 Award f\u00fcr TrioColores!<\/a><\/li><li><a href=\"https:\/\/solo-musica.de\/en?na=view&id=40\" target=\"_blank\">20 Jahre Solo Musica!<\/a><\/li><li><a href=\"https:\/\/solo-musica.de\/en?na=view&id=39\" target=\"_blank\">Solo Musica Newsletter Winter 2024<\/a><\/li><li><a href=\"https:\/\/solo-musica.de\/en?na=view&id=38\" target=\"_blank\">Solo Musica Newsletter Sommer 2024<\/a><\/li><li><a href=\"https:\/\/solo-musica.de\/en?na=view&id=37\" target=\"_blank\">Solo Musica Newsletter Winter 2023\/2024<\/a><\/li><li><a href=\"https:\/\/solo-musica.de\/en?na=view&id=36\" target=\"_blank\">Solo Musica Nikolaus-Newsletter 2023<\/a><\/li><li><a href=\"https:\/\/solo-musica.de\/en?na=view&id=35\" target=\"_blank\">Solo Musica Newsletter Herbst 2023<\/a><\/li><li><a href=\"https:\/\/solo-musica.de\/en?na=view&id=34\" target=\"_blank\">Solo Musica Newsletter Fr\u00fchjahr 2023<\/a><\/li><li><a href=\"https:\/\/solo-musica.de\/en?na=view&id=30\" target=\"_blank\">Nikolaus-Newsletter Dezember 2022<\/a><\/li><li><a href=\"https:\/\/solo-musica.de\/en?na=view&id=27\" target=\"_blank\">Newsletter Solo Musica Herbst\/Winter 2022<\/a><\/li><li><a href=\"https:\/\/solo-musica.de\/en?na=view&id=26\" target=\"_blank\">Newsletter Solo Musica April 2022<\/a><\/li><li><a href=\"https:\/\/solo-musica.de\/en?na=view&id=21\" target=\"_blank\">Newsletter Solo Musica M\u00e4rz 2022<\/a><\/li><li><a href=\"https:\/\/solo-musica.de\/en?na=view&id=20\" target=\"_blank\">Newsletter Solo Musica Januar 2022<\/a><\/li><li><a href=\"https:\/\/solo-musica.de\/en?na=view&id=12\" target=\"_blank\">Newsletter Solo Musica Dezember 2021<\/a><\/li><li><a href=\"https:\/\/solo-musica.de\/en?na=view&id=11\" target=\"_blank\">Newsletter Solo Musica Oktober 2021<\/a><\/li><li><a href=\"https:\/\/solo-musica.de\/en?na=view&id=9\" target=\"_blank\">Newsletter Solo Musica September 2021<\/a><\/li><li><a href=\"https:\/\/solo-musica.de\/en?na=view&id=7\" target=\"_blank\">Newsletter Solo Musica August 2021<\/a><\/li><li><a href=\"https:\/\/solo-musica.de\/en?na=view&id=6\" target=\"_blank\">Newsletter Solo Musica Juli 2021<\/a><\/li><\/ul><\/div>\n","protected":false},"excerpt":{"rendered":"<p>Verpassen Sie keine Ver\u00f6ffentlichung und wichtigen Neuigkeiten \u00fcber unsere K\u00fcnstler*innen, Labels und Partner von Solo Musica mehr. Melden Sie sich gleich an und erhalten einmal im Monat den Solo Musica \u2013 Newsletter. Hinweise zur Verarbeitung Ihrer Daten finden Sie in unserer Datenschutzerkl\u00e4rung. Newsletter-Anmeldung<\/p>\n","protected":false},"author":2,"featured_media":14895,"parent":0,"menu_order":0,"comment_status":"closed","ping_status":"closed","template":"","meta":{"footnotes":""},"class_list":["post-13847","page","type-page","status-publish","has-post-thumbnail","hentry"],"translation":{"provider":"WPGlobus","version":"3.0.2","language":"en","enabled_languages":["de","en"],"languages":{"de":{"title":true,"content":true,"excerpt":false},"en":{"title":false,"content":false,"excerpt":false}}},"yoast_head":"<!-- This site is optimized with the Yoast SEO plugin v27.5 - https:\/\/yoast.com\/product\/yoast-seo-wordpress\/ -->\n<title>Newsletter - Deutsch<\/title>\n<meta name=\"robots\" content=\"index, follow, max-snippet:-1, max-image-preview:large, max-video-preview:-1\" \/>\n<link rel=\"canonical\" href=\"https:\/\/solo-musica.de\/newsletter\/\" \/>\n<meta property=\"og:locale\" content=\"en_US\" \/>\n<meta property=\"og:type\" content=\"article\" \/>\n<meta property=\"og:title\" content=\"Newsletter - Deutsch\" \/>\n<meta property=\"og:url\" content=\"https:\/\/solo-musica.de\/newsletter\/\" \/>\n<meta property=\"og:site_name\" content=\"Deutsch\" \/>\n<meta property=\"article:modified_time\" content=\"2022-03-16T12:47:09+00:00\" \/>\n<meta property=\"og:image\" content=\"https:\/\/solo-musica.de\/wp-content\/uploads\/2021\/10\/Oktober-beitragsbild-1.png\" \/>\n\t<meta property=\"og:image:width\" content=\"605\" \/>\n\t<meta property=\"og:image:height\" content=\"605\" \/>\n\t<meta property=\"og:image:type\" content=\"image\/png\" \/>\n<meta name=\"twitter:card\" content=\"summary_large_image\" \/>\n<meta name=\"twitter:label1\" content=\"Est. reading time\" \/>\n\t<meta name=\"twitter:data1\" content=\"1 minute\" \/>\n<script type=\"application\/ld+json\" class=\"yoast-schema-graph\">{\"@context\":\"https:\\\/\\\/schema.org\",\"@graph\":[{\"@type\":\"WebPage\",\"@id\":\"https:\\\/\\\/solo-musica.de\\\/newsletter\\\/\",\"url\":\"https:\\\/\\\/solo-musica.de\\\/newsletter\\\/\",\"name\":\"Newsletter - Deutsch\",\"isPartOf\":{\"@id\":\"https:\\\/\\\/solo-musica.de\\\/#website\"},\"primaryImageOfPage\":{\"@id\":\"https:\\\/\\\/solo-musica.de\\\/newsletter\\\/#primaryimage\"},\"image\":{\"@id\":\"https:\\\/\\\/solo-musica.de\\\/newsletter\\\/#primaryimage\"},\"thumbnailUrl\":\"https:\\\/\\\/solo-musica.de\\\/wp-content\\\/uploads\\\/2021\\\/10\\\/Oktober-beitragsbild-1.png\",\"datePublished\":\"2021-07-27T12:53:26+00:00\",\"dateModified\":\"2022-03-16T12:47:09+00:00\",\"breadcrumb\":{\"@id\":\"https:\\\/\\\/solo-musica.de\\\/newsletter\\\/#breadcrumb\"},\"inLanguage\":\"en-US\",\"potentialAction\":[{\"@type\":\"ReadAction\",\"target\":[\"https:\\\/\\\/solo-musica.de\\\/newsletter\\\/\"]}]},{\"@type\":\"ImageObject\",\"inLanguage\":\"en-US\",\"@id\":\"https:\\\/\\\/solo-musica.de\\\/newsletter\\\/#primaryimage\",\"url\":\"https:\\\/\\\/solo-musica.de\\\/wp-content\\\/uploads\\\/2021\\\/10\\\/Oktober-beitragsbild-1.png\",\"contentUrl\":\"https:\\\/\\\/solo-musica.de\\\/wp-content\\\/uploads\\\/2021\\\/10\\\/Oktober-beitragsbild-1.png\",\"width\":605,\"height\":605},{\"@type\":\"BreadcrumbList\",\"@id\":\"https:\\\/\\\/solo-musica.de\\\/newsletter\\\/#breadcrumb\",\"itemListElement\":[{\"@type\":\"ListItem\",\"position\":1,\"name\":\"Startseite\",\"item\":\"https:\\\/\\\/solo-musica.de\\\/\"},{\"@type\":\"ListItem\",\"position\":2,\"name\":\"Newsletter\"}]},{\"@type\":\"WebSite\",\"@id\":\"https:\\\/\\\/solo-musica.de\\\/#website\",\"url\":\"https:\\\/\\\/solo-musica.de\\\/\",\"name\":\"Deutsch\",\"description\":\"ARTIST FIRST!\",\"publisher\":{\"@id\":\"https:\\\/\\\/solo-musica.de\\\/#organization\"},\"potentialAction\":[{\"@type\":\"SearchAction\",\"target\":{\"@type\":\"EntryPoint\",\"urlTemplate\":\"https:\\\/\\\/solo-musica.de\\\/?s={search_term_string}\"},\"query-input\":{\"@type\":\"PropertyValueSpecification\",\"valueRequired\":true,\"valueName\":\"search_term_string\"}}],\"inLanguage\":\"en-US\"},{\"@type\":\"Organization\",\"@id\":\"https:\\\/\\\/solo-musica.de\\\/#organization\",\"name\":\"Deutsch\",\"url\":\"https:\\\/\\\/solo-musica.de\\\/\",\"logo\":{\"@type\":\"ImageObject\",\"inLanguage\":\"en-US\",\"@id\":\"https:\\\/\\\/solo-musica.de\\\/#\\\/schema\\\/logo\\\/image\\\/\",\"url\":\"https:\\\/\\\/solo-musica.de\\\/wp-content\\\/uploads\\\/2020\\\/12\\\/logo-180.png\",\"contentUrl\":\"https:\\\/\\\/solo-musica.de\\\/wp-content\\\/uploads\\\/2020\\\/12\\\/logo-180.png\",\"width\":180,\"height\":180,\"caption\":\"Deutsch\"},\"image\":{\"@id\":\"https:\\\/\\\/solo-musica.de\\\/#\\\/schema\\\/logo\\\/image\\\/\"}}]}<\/script>\n<!-- \/ Yoast SEO plugin. -->","yoast_head_json":{"title":"Newsletter - Deutsch","robots":{"index":"index","follow":"follow","max-snippet":"max-snippet:-1","max-image-preview":"max-image-preview:large","max-video-preview":"max-video-preview:-1"},"canonical":"https:\/\/solo-musica.de\/newsletter\/","og_locale":"en_US","og_type":"article","og_title":"Newsletter - Deutsch","og_url":"https:\/\/solo-musica.de\/newsletter\/","og_site_name":"Deutsch","article_modified_time":"2022-03-16T12:47:09+00:00","og_image":[{"width":605,"height":605,"url":"https:\/\/solo-musica.de\/wp-content\/uploads\/2021\/10\/Oktober-beitragsbild-1.png","type":"image\/png"}],"twitter_card":"summary_large_image","twitter_misc":{"Est. reading time":"1 minute"},"schema":{"@context":"https:\/\/schema.org","@graph":[{"@type":"WebPage","@id":"https:\/\/solo-musica.de\/newsletter\/","url":"https:\/\/solo-musica.de\/newsletter\/","name":"Newsletter - Deutsch","isPartOf":{"@id":"https:\/\/solo-musica.de\/#website"},"primaryImageOfPage":{"@id":"https:\/\/solo-musica.de\/newsletter\/#primaryimage"},"image":{"@id":"https:\/\/solo-musica.de\/newsletter\/#primaryimage"},"thumbnailUrl":"https:\/\/solo-musica.de\/wp-content\/uploads\/2021\/10\/Oktober-beitragsbild-1.png","datePublished":"2021-07-27T12:53:26+00:00","dateModified":"2022-03-16T12:47:09+00:00","breadcrumb":{"@id":"https:\/\/solo-musica.de\/newsletter\/#breadcrumb"},"inLanguage":"en-US","potentialAction":[{"@type":"ReadAction","target":["https:\/\/solo-musica.de\/newsletter\/"]}]},{"@type":"ImageObject","inLanguage":"en-US","@id":"https:\/\/solo-musica.de\/newsletter\/#primaryimage","url":"https:\/\/solo-musica.de\/wp-content\/uploads\/2021\/10\/Oktober-beitragsbild-1.png","contentUrl":"https:\/\/solo-musica.de\/wp-content\/uploads\/2021\/10\/Oktober-beitragsbild-1.png","width":605,"height":605},{"@type":"BreadcrumbList","@id":"https:\/\/solo-musica.de\/newsletter\/#breadcrumb","itemListElement":[{"@type":"ListItem","position":1,"name":"Startseite","item":"https:\/\/solo-musica.de\/"},{"@type":"ListItem","position":2,"name":"Newsletter"}]},{"@type":"WebSite","@id":"https:\/\/solo-musica.de\/#website","url":"https:\/\/solo-musica.de\/","name":"Deutsch","description":"ARTIST FIRST!","publisher":{"@id":"https:\/\/solo-musica.de\/#organization"},"potentialAction":[{"@type":"SearchAction","target":{"@type":"EntryPoint","urlTemplate":"https:\/\/solo-musica.de\/?s={search_term_string}"},"query-input":{"@type":"PropertyValueSpecification","valueRequired":true,"valueName":"search_term_string"}}],"inLanguage":"en-US"},{"@type":"Organization","@id":"https:\/\/solo-musica.de\/#organization","name":"Deutsch","url":"https:\/\/solo-musica.de\/","logo":{"@type":"ImageObject","inLanguage":"en-US","@id":"https:\/\/solo-musica.de\/#\/schema\/logo\/image\/","url":"https:\/\/solo-musica.de\/wp-content\/uploads\/2020\/12\/logo-180.png","contentUrl":"https:\/\/solo-musica.de\/wp-content\/uploads\/2020\/12\/logo-180.png","width":180,"height":180,"caption":"Deutsch"},"image":{"@id":"https:\/\/solo-musica.de\/#\/schema\/logo\/image\/"}}]}},"_links":{"self":[{"href":"https:\/\/solo-musica.de\/en\/wp-json\/wp\/v2\/pages\/13847","targetHints":{"allow":["GET"]}}],"collection":[{"href":"https:\/\/solo-musica.de\/en\/wp-json\/wp\/v2\/pages"}],"about":[{"href":"https:\/\/solo-musica.de\/en\/wp-json\/wp\/v2\/types\/page"}],"author":[{"embeddable":true,"href":"https:\/\/solo-musica.de\/en\/wp-json\/wp\/v2\/users\/2"}],"replies":[{"embeddable":true,"href":"https:\/\/solo-musica.de\/en\/wp-json\/wp\/v2\/comments?post=13847"}],"version-history":[{"count":30,"href":"https:\/\/solo-musica.de\/en\/wp-json\/wp\/v2\/pages\/13847\/revisions"}],"predecessor-version":[{"id":13848,"href":"https:\/\/solo-musica.de\/en\/wp-json\/wp\/v2\/pages\/13847\/revisions\/13848"}],"wp:featuredmedia":[{"embeddable":true,"href":"https:\/\/solo-musica.de\/en\/wp-json\/wp\/v2\/media\/14895"}],"wp:attachment":[{"href":"https:\/\/solo-musica.de\/en\/wp-json\/wp\/v2\/media?parent=13847"}],"curies":[{"name":"wp","href":"https:\/\/api.w.org\/{rel}","templated":true}]}}