{"id":1254,"date":"2017-11-22T00:17:51","date_gmt":"2017-11-21T23:17:51","guid":{"rendered":"https:\/\/test.solo-musica.de\/?page_id=1254"},"modified":"2021-05-05T13:30:13","modified_gmt":"2021-05-05T11:30:13","slug":"recordingpartner","status":"publish","type":"page","link":"https:\/\/solo-musica.de\/en\/recordingpartner\/","title":{"rendered":"Solo Musica Recording-Partner Andreas Werner"},"content":{"rendered":"<p><\/p>\r\n<p>Andreas Werner wurde 1964 im S\u00fcdafrika geboren und studierte von 1985 bis 1992 an der Hochschule der K\u00fcnste Berlin (heute UdK) Tonmeister mit Hauptfach Oboe, dazu erhielt er eine Gesangsausbildung in Berlin und Lausanne. Bereits w\u00e4hrend des Studiums wirkte er beim RIAS-Kammerchor mit, dazu wurde er Mitglied im Kammerchor Stuttgart, der G\u00e4chinger Kantorei und dem Balthasar-Neumann-Chor; mit letzterem verbindet ihn bis heute eine Zusammenarbeit, die ihn zu Konzerten in alle Welt f\u00fchrt.<\/p>\r\n<p><\/p>\r\n<p><\/p>\r\n<p>Nach dem Diplom folgte der Umzug nach Z\u00fcrich, hier Aufbau einer bewusst freischaffenden T\u00e4tigkeit als Tonmeister, Produzent und S\u00e4nger. Seit 1994 fester freier Tonmeister f\u00fcr Radio SRF Z\u00fcrich und Basel, Produktionen in der Schweiz, Deutschland, Italien, Spanien, Portugal, China, Venezuela, \u00d6sterreich, Skandinavien und USA u.a. f\u00fcr Sony, ECM, Universal, EMI, Naxos u.v.m., auch Filmproduktionen f\u00fcr Fernsehen und Independent-Labels. Produzent diverser Gesamteinspielungen sinfonischer Werke (Weingartner, Bruckner, Beethoven).<\/p>\r\n<p><\/p>\r\n<p><\/p>\r\n<p>Freie T\u00e4tigkeit auch beim MDR, SWR, und regelm\u00e4\u00dfige Zusammenarbeit mit namhaften Ensembles, Orchestern und Dirigenten. Dazu Sprachsendungen in Radio DRS und zahlreiche Schallplattenpreise. 2006 Gr\u00fcndung der Silencium Musikproduktion GmbH und seit Fr\u00fchjahr 2006 Dozentur f\u00fcr Musik\u00fcbertragung an der Hochschule f\u00fcr Musik Z\u00fcrich.\u00a0 Zwischen 2008 und 2010 Mitwirkung im Leitungsteam der ZHdK-Records, 2009 nominiert f\u00fcr Best Teaching der ZHdK.<\/p>\r\n<p><\/p>\r\n<p><\/p>\r\n<p>Andreas Werner lebt mit seiner Familie in Winterthur.<\/p>\r\n<p><\/p>\r\n<p><\/p>\r\n<h3 class=\"wp-block-heading\">Recording Producer, Editor, Engineer &#038; Mastering: Andreas Werner \/ Silencium Musikproduktion:<\/h3>\r\n<p><\/p>\r\n<p><\/p>\r\n\n\n    <div id=\"wk-grid762\" class=\"uk-child-width-1-1 uk-child-width-1-3@m uk-child-width-1-6@l uk-grid-match \" uk-height-match=\"target: &gt; div &gt; .uk-panel, &gt; div &gt; .uk-card; row: true\" uk-grid  uk-lightbox=\"container: .uk-gallery-container; toggle: a[data-js-lightbox]\">\n\n            \n        <div>\n        \n<div class=\"uk-panel\">\n\n    \n        <div class=\"uk-inline-clip uk-transition-toggle \">\n\n            <img decoding=\"async\" src=\"\/wp-content\/uploads\/2021\/01\/SOB10-150x150-1.jpg\" class=\"uk-transition-scale uk-transition-opaque\" alt=\"SOB10 150x150\">\n            \n            \n            \n            \n        <\/div>\n\n    \n    \n        \n        \n    \n    \n<\/div>\n        <\/div>\n\n                    \n        <div>\n        \n<div class=\"uk-panel\">\n\n    \n        <div class=\"uk-inline-clip uk-transition-toggle \">\n\n            <img decoding=\"async\" src=\"\/wp-content\/uploads\/2021\/01\/SOB09-150x150-1.jpg\" class=\"uk-transition-scale uk-transition-opaque\" alt=\"SOB09 150x150\">\n            \n            \n            \n            \n        <\/div>\n\n    \n    \n        \n        \n    \n    \n<\/div>\n        <\/div>\n\n                    \n        <div>\n        \n<div class=\"uk-panel\">\n\n    \n        <div class=\"uk-inline-clip uk-transition-toggle \">\n\n            <img decoding=\"async\" src=\"\/wp-content\/uploads\/2021\/01\/SOB07-150x150-1.jpg\" class=\"uk-transition-scale uk-transition-opaque\" alt=\"SOB07 150x150\">\n            \n            \n            \n            \n        <\/div>\n\n    \n    \n        \n        \n    \n    \n<\/div>\n        <\/div>\n\n                    \n        <div>\n        \n<div class=\"uk-panel\">\n\n    \n        <div class=\"uk-inline-clip uk-transition-toggle \">\n\n            <img decoding=\"async\" src=\"\/wp-content\/uploads\/2021\/01\/SOB08-150x150-1.jpg\" class=\"uk-transition-scale uk-transition-opaque\" alt=\"SOB08 150x150\">\n            \n            \n            \n            \n        <\/div>\n\n    \n    \n        \n        \n    \n    \n<\/div>\n        <\/div>\n\n                    \n        <div>\n        \n<div class=\"uk-panel\">\n\n    \n        <div class=\"uk-inline-clip uk-transition-toggle \">\n\n            <img decoding=\"async\" src=\"\/wp-content\/uploads\/2021\/01\/SOB06-150x150-1.jpg\" class=\"uk-transition-scale uk-transition-opaque\" alt=\"SOB06 150x150\">\n            \n            \n            \n            \n        <\/div>\n\n    \n    \n        \n        \n    \n    \n<\/div>\n        <\/div>\n\n                    \n        <div>\n        \n<div class=\"uk-panel\">\n\n    \n        <div class=\"uk-inline-clip uk-transition-toggle \">\n\n            <img decoding=\"async\" src=\"\/wp-content\/uploads\/2021\/01\/SOB03-150x150-1.jpg\" class=\"uk-transition-scale uk-transition-opaque\" alt=\"SOB03 150x150\">\n            \n            \n            \n            \n        <\/div>\n\n    \n    \n        \n        \n    \n    \n<\/div>\n        <\/div>\n\n                    \n        <div>\n        \n<div class=\"uk-panel\">\n\n    \n        <div class=\"uk-inline-clip uk-transition-toggle \">\n\n            <img decoding=\"async\" src=\"\/wp-content\/uploads\/2021\/01\/SOB05-150x150-1.jpg\" class=\"uk-transition-scale uk-transition-opaque\" alt=\"SOB05 150x150\">\n            \n            \n            \n            \n        <\/div>\n\n    \n    \n        \n        \n    \n    \n<\/div>\n        <\/div>\n\n                    \n        <div>\n        \n<div class=\"uk-panel\">\n\n    \n        <div class=\"uk-inline-clip uk-transition-toggle \">\n\n            <img decoding=\"async\" src=\"\/wp-content\/uploads\/2021\/01\/SOB01-150x150-1.jpg\" class=\"uk-transition-scale uk-transition-opaque\" alt=\"SOB01 150x150\">\n            \n            \n            \n            \n        <\/div>\n\n    \n    \n        \n        \n    \n    \n<\/div>\n        <\/div>\n\n                    \n        <div>\n        \n<div class=\"uk-panel\">\n\n    \n        <div class=\"uk-inline-clip uk-transition-toggle \">\n\n            <img decoding=\"async\" src=\"\/wp-content\/uploads\/2021\/01\/SOB02-150x150-1.jpg\" class=\"uk-transition-scale uk-transition-opaque\" alt=\"SOB02 150x150\">\n            \n            \n            \n            \n        <\/div>\n\n    \n    \n        \n        \n    \n    \n<\/div>\n        <\/div>\n\n                    \n        <div>\n        \n<div class=\"uk-panel\">\n\n    \n        <div class=\"uk-inline-clip uk-transition-toggle \">\n\n            <img decoding=\"async\" src=\"\/wp-content\/uploads\/2021\/01\/SM278-150x150-1.jpg\" class=\"uk-transition-scale uk-transition-opaque\" alt=\"SM278 150x150\">\n            \n            \n            \n            \n        <\/div>\n\n    \n    \n        \n        \n    \n    \n<\/div>\n        <\/div>\n\n                    \n        <div>\n        \n<div class=\"uk-panel\">\n\n    \n        <div class=\"uk-inline-clip uk-transition-toggle \">\n\n            <img decoding=\"async\" src=\"\/wp-content\/uploads\/2021\/01\/Basel-Petrouchka-150x150-1.jpg\" class=\"uk-transition-scale uk-transition-opaque\" alt=\"Basel Petrouchka 150x150\">\n            \n            \n            \n            \n        <\/div>\n\n    \n    \n        \n        \n    \n    \n<\/div>\n        <\/div>\n\n                    \n        <div>\n        \n<div class=\"uk-panel\">\n\n    \n        <div class=\"uk-inline-clip uk-transition-toggle \">\n\n            <img decoding=\"async\" src=\"\/wp-content\/uploads\/2021\/01\/SM180-150x150-1.jpg\" class=\"uk-transition-scale uk-transition-opaque\" alt=\"SM180 150x150\">\n            \n            \n            \n            \n        <\/div>\n\n    \n    \n        \n        \n    \n    \n<\/div>\n        <\/div>\n\n                    \n        <div>\n        \n<div class=\"uk-panel\">\n\n    \n        <div class=\"uk-inline-clip uk-transition-toggle \">\n\n            <img decoding=\"async\" src=\"\/wp-content\/uploads\/2021\/01\/Scintilla-150x150-1.jpg\" class=\"uk-transition-scale uk-transition-opaque\" alt=\"Scintilla 150x150\">\n            \n            \n            \n            \n        <\/div>\n\n    \n    \n        \n        \n    \n    \n<\/div>\n        <\/div>\n\n                    \n        <div>\n        \n<div class=\"uk-panel\">\n\n    \n        <div class=\"uk-inline-clip uk-transition-toggle \">\n\n            <img decoding=\"async\" src=\"\/wp-content\/uploads\/2021\/01\/SM236-150x150-1.jpg\" class=\"uk-transition-scale uk-transition-opaque\" alt=\"SM236 150x150\">\n            \n            \n            \n            \n        <\/div>\n\n    \n    \n        \n        \n    \n    \n<\/div>\n        <\/div>\n\n                    \n        <div>\n        \n<div class=\"uk-panel\">\n\n    \n        <div class=\"uk-inline-clip uk-transition-toggle \">\n\n            <img decoding=\"async\" src=\"\/wp-content\/uploads\/2021\/01\/SM263_cover_front-150x150-1.jpg\" class=\"uk-transition-scale uk-transition-opaque\" alt=\"SM263 Cover Front 150x150\">\n            \n            \n            \n            \n        <\/div>\n\n    \n    \n        \n        \n    \n    \n<\/div>\n        <\/div>\n\n                    \n        <div>\n        \n<div class=\"uk-panel\">\n\n    \n        <div class=\"uk-inline-clip uk-transition-toggle \">\n\n            <img decoding=\"async\" src=\"\/wp-content\/uploads\/2021\/01\/SM262_cover-1-150x150-1.jpg\" class=\"uk-transition-scale uk-transition-opaque\" alt=\"SM262 Cover 1 150x150\">\n            \n            \n            \n            \n        <\/div>\n\n    \n    \n        \n        \n    \n    \n<\/div>\n        <\/div>\n\n                    \n        <div>\n        \n<div class=\"uk-panel\">\n\n    \n        <div class=\"uk-inline-clip uk-transition-toggle \">\n\n            <img decoding=\"async\" src=\"\/wp-content\/uploads\/2021\/01\/SM274_Cover_front-150x150-1.jpg\" class=\"uk-transition-scale uk-transition-opaque\" alt=\"SM274 Cover Front 150x150\">\n            \n            \n            \n            \n        <\/div>\n\n    \n    \n        \n        \n    \n    \n<\/div>\n        <\/div>\n\n                    \n        <div>\n        \n<div class=\"uk-panel\">\n\n    \n        <div class=\"uk-inline-clip uk-transition-toggle \">\n\n            <img decoding=\"async\" src=\"\/wp-content\/uploads\/2021\/01\/SOB-Stravinsky-150x150-1.jpg\" class=\"uk-transition-scale uk-transition-opaque\" alt=\"SOB Stravinsky 150x150\">\n            \n            \n            \n            \n        <\/div>\n\n    \n    \n        \n        \n    \n    \n<\/div>\n        <\/div>\n\n            \n    <\/div>\n\n\n\n<script>\n\n    (function(UIkit){\n\n        var $ = UIkit.util;\n\n        $.ready(function () {\n            if (!$.$('.uk-gallery-container')) {\n                $.append(document.body, '<div class=\"uk-scope uk-gallery-container\">');\n            }\n        });\n\n    })(window.UIkitwk || window.UIkit);\n\n<\/script>\n\r\n<p><\/p>","protected":false},"excerpt":{"rendered":"<p>Andreas Werner wurde 1964 im S\u00fcdafrika geboren und studierte von 1985 bis 1992 an der Hochschule der K\u00fcnste Berlin (heute UdK) Tonmeister mit Hauptfach Oboe, dazu erhielt er eine Gesangsausbildung in Berlin und Lausanne. Bereits w\u00e4hrend des Studiums wirkte er beim RIAS-Kammerchor mit, dazu wurde er Mitglied im Kammerchor Stuttgart, der G\u00e4chinger Kantorei und dem [&hellip;]<\/p>\n","protected":false},"author":1,"featured_media":0,"parent":0,"menu_order":0,"comment_status":"closed","ping_status":"closed","template":"","meta":{"footnotes":""},"class_list":["post-1254","page","type-page","status-publish","hentry"],"translation":{"provider":"WPGlobus","version":"3.0.2","language":"en","enabled_languages":["de","en"],"languages":{"de":{"title":true,"content":true,"excerpt":false},"en":{"title":false,"content":false,"excerpt":false}}},"yoast_head":"<!-- This site is optimized with the Yoast SEO plugin v27.4 - https:\/\/yoast.com\/product\/yoast-seo-wordpress\/ -->\n<title>Solo Musica Recording-Partner Andreas Werner - Deutsch<\/title>\n<meta name=\"robots\" content=\"index, follow, max-snippet:-1, max-image-preview:large, max-video-preview:-1\" \/>\n<link rel=\"canonical\" href=\"https:\/\/solo-musica.de\/recordingpartner\/\" \/>\n<meta property=\"og:locale\" content=\"en_US\" \/>\n<meta property=\"og:type\" content=\"article\" \/>\n<meta property=\"og:title\" content=\"Solo Musica Recording-Partner Andreas Werner - Deutsch\" \/>\n<meta property=\"og:url\" content=\"https:\/\/solo-musica.de\/recordingpartner\/\" \/>\n<meta property=\"og:site_name\" content=\"Deutsch\" \/>\n<meta property=\"article:modified_time\" content=\"2021-05-05T11:30:13+00:00\" \/>\n<meta name=\"twitter:card\" content=\"summary_large_image\" \/>\n<meta name=\"twitter:label1\" content=\"Est. reading time\" \/>\n\t<meta name=\"twitter:data1\" content=\"1 minute\" \/>\n<script type=\"application\/ld+json\" class=\"yoast-schema-graph\">{\"@context\":\"https:\\\/\\\/schema.org\",\"@graph\":[{\"@type\":\"WebPage\",\"@id\":\"https:\\\/\\\/solo-musica.de\\\/recordingpartner\\\/\",\"url\":\"https:\\\/\\\/solo-musica.de\\\/recordingpartner\\\/\",\"name\":\"Solo Musica Recording-Partner Andreas Werner - Deutsch\",\"isPartOf\":{\"@id\":\"https:\\\/\\\/solo-musica.de\\\/#website\"},\"datePublished\":\"2017-11-21T23:17:51+00:00\",\"dateModified\":\"2021-05-05T11:30:13+00:00\",\"breadcrumb\":{\"@id\":\"https:\\\/\\\/solo-musica.de\\\/recordingpartner\\\/#breadcrumb\"},\"inLanguage\":\"en-US\",\"potentialAction\":[{\"@type\":\"ReadAction\",\"target\":[\"https:\\\/\\\/solo-musica.de\\\/recordingpartner\\\/\"]}]},{\"@type\":\"BreadcrumbList\",\"@id\":\"https:\\\/\\\/solo-musica.de\\\/recordingpartner\\\/#breadcrumb\",\"itemListElement\":[{\"@type\":\"ListItem\",\"position\":1,\"name\":\"Startseite\",\"item\":\"https:\\\/\\\/solo-musica.de\\\/\"},{\"@type\":\"ListItem\",\"position\":2,\"name\":\"Solo Musica Recording-Partner Andreas Werner\"}]},{\"@type\":\"WebSite\",\"@id\":\"https:\\\/\\\/solo-musica.de\\\/#website\",\"url\":\"https:\\\/\\\/solo-musica.de\\\/\",\"name\":\"Deutsch\",\"description\":\"ARTIST FIRST!\",\"publisher\":{\"@id\":\"https:\\\/\\\/solo-musica.de\\\/#organization\"},\"potentialAction\":[{\"@type\":\"SearchAction\",\"target\":{\"@type\":\"EntryPoint\",\"urlTemplate\":\"https:\\\/\\\/solo-musica.de\\\/?s={search_term_string}\"},\"query-input\":{\"@type\":\"PropertyValueSpecification\",\"valueRequired\":true,\"valueName\":\"search_term_string\"}}],\"inLanguage\":\"en-US\"},{\"@type\":\"Organization\",\"@id\":\"https:\\\/\\\/solo-musica.de\\\/#organization\",\"name\":\"Deutsch\",\"url\":\"https:\\\/\\\/solo-musica.de\\\/\",\"logo\":{\"@type\":\"ImageObject\",\"inLanguage\":\"en-US\",\"@id\":\"https:\\\/\\\/solo-musica.de\\\/#\\\/schema\\\/logo\\\/image\\\/\",\"url\":\"https:\\\/\\\/solo-musica.de\\\/wp-content\\\/uploads\\\/2020\\\/12\\\/logo-180.png\",\"contentUrl\":\"https:\\\/\\\/solo-musica.de\\\/wp-content\\\/uploads\\\/2020\\\/12\\\/logo-180.png\",\"width\":180,\"height\":180,\"caption\":\"Deutsch\"},\"image\":{\"@id\":\"https:\\\/\\\/solo-musica.de\\\/#\\\/schema\\\/logo\\\/image\\\/\"}}]}<\/script>\n<!-- \/ Yoast SEO plugin. -->","yoast_head_json":{"title":"Solo Musica Recording-Partner Andreas Werner - Deutsch","robots":{"index":"index","follow":"follow","max-snippet":"max-snippet:-1","max-image-preview":"max-image-preview:large","max-video-preview":"max-video-preview:-1"},"canonical":"https:\/\/solo-musica.de\/recordingpartner\/","og_locale":"en_US","og_type":"article","og_title":"Solo Musica Recording-Partner Andreas Werner - Deutsch","og_url":"https:\/\/solo-musica.de\/recordingpartner\/","og_site_name":"Deutsch","article_modified_time":"2021-05-05T11:30:13+00:00","twitter_card":"summary_large_image","twitter_misc":{"Est. reading time":"1 minute"},"schema":{"@context":"https:\/\/schema.org","@graph":[{"@type":"WebPage","@id":"https:\/\/solo-musica.de\/recordingpartner\/","url":"https:\/\/solo-musica.de\/recordingpartner\/","name":"Solo Musica Recording-Partner Andreas Werner - Deutsch","isPartOf":{"@id":"https:\/\/solo-musica.de\/#website"},"datePublished":"2017-11-21T23:17:51+00:00","dateModified":"2021-05-05T11:30:13+00:00","breadcrumb":{"@id":"https:\/\/solo-musica.de\/recordingpartner\/#breadcrumb"},"inLanguage":"en-US","potentialAction":[{"@type":"ReadAction","target":["https:\/\/solo-musica.de\/recordingpartner\/"]}]},{"@type":"BreadcrumbList","@id":"https:\/\/solo-musica.de\/recordingpartner\/#breadcrumb","itemListElement":[{"@type":"ListItem","position":1,"name":"Startseite","item":"https:\/\/solo-musica.de\/"},{"@type":"ListItem","position":2,"name":"Solo Musica Recording-Partner Andreas Werner"}]},{"@type":"WebSite","@id":"https:\/\/solo-musica.de\/#website","url":"https:\/\/solo-musica.de\/","name":"Deutsch","description":"ARTIST FIRST!","publisher":{"@id":"https:\/\/solo-musica.de\/#organization"},"potentialAction":[{"@type":"SearchAction","target":{"@type":"EntryPoint","urlTemplate":"https:\/\/solo-musica.de\/?s={search_term_string}"},"query-input":{"@type":"PropertyValueSpecification","valueRequired":true,"valueName":"search_term_string"}}],"inLanguage":"en-US"},{"@type":"Organization","@id":"https:\/\/solo-musica.de\/#organization","name":"Deutsch","url":"https:\/\/solo-musica.de\/","logo":{"@type":"ImageObject","inLanguage":"en-US","@id":"https:\/\/solo-musica.de\/#\/schema\/logo\/image\/","url":"https:\/\/solo-musica.de\/wp-content\/uploads\/2020\/12\/logo-180.png","contentUrl":"https:\/\/solo-musica.de\/wp-content\/uploads\/2020\/12\/logo-180.png","width":180,"height":180,"caption":"Deutsch"},"image":{"@id":"https:\/\/solo-musica.de\/#\/schema\/logo\/image\/"}}]}},"_links":{"self":[{"href":"https:\/\/solo-musica.de\/en\/wp-json\/wp\/v2\/pages\/1254","targetHints":{"allow":["GET"]}}],"collection":[{"href":"https:\/\/solo-musica.de\/en\/wp-json\/wp\/v2\/pages"}],"about":[{"href":"https:\/\/solo-musica.de\/en\/wp-json\/wp\/v2\/types\/page"}],"author":[{"embeddable":true,"href":"https:\/\/solo-musica.de\/en\/wp-json\/wp\/v2\/users\/1"}],"replies":[{"embeddable":true,"href":"https:\/\/solo-musica.de\/en\/wp-json\/wp\/v2\/comments?post=1254"}],"version-history":[{"count":10,"href":"https:\/\/solo-musica.de\/en\/wp-json\/wp\/v2\/pages\/1254\/revisions"}],"predecessor-version":[{"id":13251,"href":"https:\/\/solo-musica.de\/en\/wp-json\/wp\/v2\/pages\/1254\/revisions\/13251"}],"wp:attachment":[{"href":"https:\/\/solo-musica.de\/en\/wp-json\/wp\/v2\/media?parent=1254"}],"curies":[{"name":"wp","href":"https:\/\/api.w.org\/{rel}","templated":true}]}}