{"id":10620,"date":"2021-01-25T12:23:10","date_gmt":"2021-01-25T11:23:10","guid":{"rendered":"https:\/\/test.solo-musica.de\/pro\/?page_id=10620"},"modified":"2021-01-25T12:30:09","modified_gmt":"2021-01-25T11:30:09","slug":"solo-musica-recording-partner-andreas-werner","status":"publish","type":"page","link":"https:\/\/solo-musica.de\/en\/solo-musica-recording-partner-andreas-werner\/","title":{"rendered":"Solo Musica Recording-Partner Andreas Werner"},"content":{"rendered":"\n<p>Andreas Werner wurde 1964 im S\u00fcdafrika geboren und studierte von 1985 bis 1992 an der Hochschule der K\u00fcnste Berlin (heute UdK) Tonmeister mit Hauptfach Oboe, dazu erhielt er eine Gesangsausbildung in Berlin und Lausanne. Bereits w\u00e4hrend des Studiums wirkte er beim RIAS-Kammerchor mit, dazu wurde er Mitglied im Kammerchor Stuttgart, der G\u00e4chinger Kantorei und dem Balthasar-Neumann-Chor; mit letzterem verbindet ihn bis heute eine Zusammenarbeit, die ihn zu Konzerten in alle Welt f\u00fchrt.<\/p>\n\n\n\n<p>Nach dem Diplom folgte der Umzug nach Z\u00fcrich, hier Aufbau einer bewusst freischaffenden T\u00e4tigkeit als Tonmeister, Produzent und S\u00e4nger. Seit 1994 fester freier Tonmeister f\u00fcr Radio SRF Z\u00fcrich und Basel, Produktionen in der Schweiz, Deutschland, Italien, Spanien, Portugal, China, Venezuela, \u00d6sterreich, Skandinavien und USA u.a. f\u00fcr Sony, ECM, Universal, EMI, Naxos u.v.m., auch Filmproduktionen f\u00fcr Fernsehen und Independent-Labels. Produzent diverser Gesamteinspielungen sinfonischer Werke (Weingartner, Bruckner, Beethoven).<\/p>\n\n\n\n<p>Freie T\u00e4tigkeit auch beim MDR, SWR, und regelm\u00e4\u00dfige Zusammenarbeit mit namhaften Ensembles, Orchestern und Dirigenten. Dazu Sprachsendungen in Radio DRS und zahlreiche Schallplattenpreise. 2006 Gr\u00fcndung der Silencium Musikproduktion GmbH und seit Fr\u00fchjahr 2006 Dozentur f\u00fcr Musik\u00fcbertragung an der Hochschule f\u00fcr Musik Z\u00fcrich.&nbsp; Zwischen 2008 und 2010 Mitwirkung im Leitungsteam der ZHdK-Records, 2009 nominiert f\u00fcr Best Teaching der ZHdK.<\/p>\n\n\n\n<p>Andreas Werner lebt mit seiner Familie in Winterthur.<\/p>\n\n\n\n<h3 class=\"wp-block-heading\">Recording Producer, Editor, Engineer &amp; Mastering: Andreas Werner \/ Silencium Musikproduktion:<\/h3>\n\n\n<div class=\"pt-cv-wrapper\"><div class=\"pt-cv-view pt-cv-grid pt-cv-colsys\" id=\"pt-cv-view-f2e0e7cg65\"><div data-id=\"pt-cv-page-1\" class=\"pt-cv-page\" data-cvc=\"6\"><div class=\"col-md-2 col-sm-6 col-xs-12 pt-cv-content-item pt-cv-1-col\" ><div class='pt-cv-ifield'><a href=\"https:\/\/solo-musica.de\/en\/eichenberger-kagawa-danza-de-la-vida\/\" class=\"_self pt-cv-href-thumbnail pt-cv-thumb-default\" target=\"_self\" ><img loading=\"lazy\" decoding=\"async\" width=\"150\" height=\"150\" src=\"https:\/\/solo-musica.de\/wp-content\/uploads\/2018\/02\/SM278-1-150x150.jpg\" class=\"pt-cv-thumbnail\" alt=\"\" srcset=\"https:\/\/solo-musica.de\/wp-content\/uploads\/2018\/02\/SM278-1-150x150.jpg 150w, https:\/\/solo-musica.de\/wp-content\/uploads\/2018\/02\/SM278-1-300x300.jpg 300w, https:\/\/solo-musica.de\/wp-content\/uploads\/2018\/02\/SM278-1-768x768.jpg 768w, https:\/\/solo-musica.de\/wp-content\/uploads\/2018\/02\/SM278-1.jpg 800w\" sizes=\"(max-width: 150px) 100vw, 150px\" \/><\/a><\/div><\/div>\n<div class=\"col-md-2 col-sm-6 col-xs-12 pt-cv-content-item pt-cv-1-col\" ><div class='pt-cv-ifield'><a href=\"https:\/\/solo-musica.de\/en\/marlis-petersen-welt\/\" class=\"_self pt-cv-href-thumbnail pt-cv-thumb-default\" target=\"_self\" ><img loading=\"lazy\" decoding=\"async\" width=\"150\" height=\"150\" src=\"https:\/\/solo-musica.de\/wp-content\/uploads\/2017\/10\/SM274_Cover_front-1-150x150.jpg\" class=\"pt-cv-thumbnail\" alt=\"\" srcset=\"https:\/\/solo-musica.de\/wp-content\/uploads\/2017\/10\/SM274_Cover_front-1-150x150.jpg 150w, https:\/\/solo-musica.de\/wp-content\/uploads\/2017\/10\/SM274_Cover_front-1-300x300.jpg 300w, https:\/\/solo-musica.de\/wp-content\/uploads\/2017\/10\/SM274_Cover_front-1.jpg 446w\" sizes=\"(max-width: 150px) 100vw, 150px\" \/><\/a><\/div><\/div>\n<div class=\"col-md-2 col-sm-6 col-xs-12 pt-cv-content-item pt-cv-1-col\" ><div class='pt-cv-ifield'><a href=\"https:\/\/solo-musica.de\/en\/mischa-greull-from-beethoven-to-present\/\" class=\"_self pt-cv-href-thumbnail pt-cv-thumb-default\" target=\"_self\" ><img loading=\"lazy\" decoding=\"async\" width=\"150\" height=\"150\" src=\"https:\/\/solo-musica.de\/wp-content\/uploads\/2018\/03\/SM268-1-150x150.jpg\" class=\"pt-cv-thumbnail\" alt=\"\" \/><\/a><\/div><\/div>\n<div class=\"col-md-2 col-sm-6 col-xs-12 pt-cv-content-item pt-cv-1-col\" ><div class='pt-cv-ifield'><a href=\"https:\/\/solo-musica.de\/en\/arta-arnicane-aqua\/\" class=\"_self pt-cv-href-thumbnail pt-cv-thumb-default\" target=\"_self\" ><img loading=\"lazy\" decoding=\"async\" width=\"150\" height=\"150\" src=\"https:\/\/solo-musica.de\/wp-content\/uploads\/2017\/06\/SM262_cover-1-e1502674741237-1-150x150.jpg\" class=\"pt-cv-thumbnail\" alt=\"\" srcset=\"https:\/\/solo-musica.de\/wp-content\/uploads\/2017\/06\/SM262_cover-1-e1502674741237-1-150x150.jpg 150w, https:\/\/solo-musica.de\/wp-content\/uploads\/2017\/06\/SM262_cover-1-e1502674741237-1-300x300.jpg 300w, https:\/\/solo-musica.de\/wp-content\/uploads\/2017\/06\/SM262_cover-1-e1502674741237-1.jpg 600w\" sizes=\"(max-width: 150px) 100vw, 150px\" \/><\/a><\/div><\/div>\n<div class=\"col-md-2 col-sm-6 col-xs-12 pt-cv-content-item pt-cv-1-col\" ><div class='pt-cv-ifield'><a href=\"https:\/\/solo-musica.de\/en\/die-entfuehrung-aus-dem-serail\/\" class=\"_self pt-cv-href-thumbnail pt-cv-thumb-default\" target=\"_self\" ><img loading=\"lazy\" decoding=\"async\" width=\"150\" height=\"150\" src=\"https:\/\/solo-musica.de\/wp-content\/uploads\/2016\/07\/Scintilla-1-150x150.jpg\" class=\"pt-cv-thumbnail\" alt=\"\" \/><\/a><\/div><\/div>\n<div class=\"col-md-2 col-sm-6 col-xs-12 pt-cv-content-item pt-cv-1-col\" ><div class='pt-cv-ifield'><a href=\"https:\/\/solo-musica.de\/en\/sinfonieorchester-basel-petrouchka\/\" class=\"_self pt-cv-href-thumbnail pt-cv-thumb-default\" target=\"_self\" ><img loading=\"lazy\" decoding=\"async\" width=\"150\" height=\"150\" src=\"https:\/\/solo-musica.de\/wp-content\/uploads\/2017\/11\/Basel-Petrouchka-1-150x150.jpg\" class=\"pt-cv-thumbnail\" alt=\"\" \/><\/a><\/div><\/div>\n<div class=\"col-md-2 col-sm-6 col-xs-12 pt-cv-content-item pt-cv-1-col\" ><div class='pt-cv-ifield'><a href=\"https:\/\/solo-musica.de\/en\/thomas-ragossnig-j-s-bach-inventionen-und-sinfonien\/\" class=\"_self pt-cv-href-thumbnail pt-cv-thumb-default\" target=\"_self\" ><img loading=\"lazy\" decoding=\"async\" width=\"150\" height=\"150\" src=\"https:\/\/solo-musica.de\/wp-content\/uploads\/2017\/11\/SM236-1-150x150.jpg\" class=\"pt-cv-thumbnail\" alt=\"\" \/><\/a><\/div><\/div>\n<div class=\"col-md-2 col-sm-6 col-xs-12 pt-cv-content-item pt-cv-1-col\" ><div class='pt-cv-ifield'><a href=\"https:\/\/solo-musica.de\/en\/sinfonieorchester-basel-loiseau-de-feu\/\" class=\"_self pt-cv-href-thumbnail pt-cv-thumb-default\" target=\"_self\" ><img loading=\"lazy\" decoding=\"async\" width=\"150\" height=\"150\" src=\"https:\/\/solo-musica.de\/wp-content\/uploads\/2017\/11\/SOB10-1-150x150.jpg\" class=\"pt-cv-thumbnail\" alt=\"\" \/><\/a><\/div><\/div>\n<div class=\"col-md-2 col-sm-6 col-xs-12 pt-cv-content-item pt-cv-1-col\" ><div class='pt-cv-ifield'><a href=\"https:\/\/solo-musica.de\/en\/linard-bardill-millistrade\/\" class=\"_self pt-cv-href-thumbnail pt-cv-thumb-default\" target=\"_self\" ><img loading=\"lazy\" decoding=\"async\" width=\"150\" height=\"150\" src=\"https:\/\/solo-musica.de\/wp-content\/uploads\/2017\/11\/SOB09-1-150x150.jpg\" class=\"pt-cv-thumbnail\" alt=\"\" \/><\/a><\/div><\/div>\n<div class=\"col-md-2 col-sm-6 col-xs-12 pt-cv-content-item pt-cv-1-col\" ><div class='pt-cv-ifield'><a href=\"https:\/\/solo-musica.de\/en\/sinfonieorchester-basel-of-madness-and-love\/\" class=\"_self pt-cv-href-thumbnail pt-cv-thumb-default\" target=\"_self\" ><img loading=\"lazy\" decoding=\"async\" width=\"150\" height=\"150\" src=\"https:\/\/solo-musica.de\/wp-content\/uploads\/2017\/11\/SOB08-1-150x150.jpg\" class=\"pt-cv-thumbnail\" alt=\"\" \/><\/a><\/div><\/div>\n<div class=\"col-md-2 col-sm-6 col-xs-12 pt-cv-content-item pt-cv-1-col\" ><div class='pt-cv-ifield'><a href=\"https:\/\/solo-musica.de\/en\/sinfonieorchester-basel-franz-schubert-symphony-no-2-and-no-6\/\" class=\"_self pt-cv-href-thumbnail pt-cv-thumb-default\" target=\"_self\" ><img loading=\"lazy\" decoding=\"async\" width=\"150\" height=\"150\" src=\"https:\/\/solo-musica.de\/wp-content\/uploads\/2014\/11\/SOB07-1-150x150.jpg\" class=\"pt-cv-thumbnail\" alt=\"\" \/><\/a><\/div><\/div>\n<div class=\"col-md-2 col-sm-6 col-xs-12 pt-cv-content-item pt-cv-1-col\" ><div class='pt-cv-ifield'><a href=\"https:\/\/solo-musica.de\/en\/sinfonieorchester-basel-igor-strawinsky-le-sacre-du-printemps\/\" class=\"_self pt-cv-href-thumbnail pt-cv-thumb-default\" target=\"_self\" ><img loading=\"lazy\" decoding=\"async\" width=\"150\" height=\"150\" src=\"https:\/\/solo-musica.de\/wp-content\/uploads\/2017\/11\/SOB06-1-150x150.jpg\" class=\"pt-cv-thumbnail\" alt=\"\" \/><\/a><\/div><\/div>\n<div class=\"col-md-2 col-sm-6 col-xs-12 pt-cv-content-item pt-cv-1-col\" ><div class='pt-cv-ifield'><a href=\"https:\/\/solo-musica.de\/en\/sinfonieorchester-basel-honegger\/\" class=\"_self pt-cv-href-thumbnail pt-cv-thumb-default\" target=\"_self\" ><img loading=\"lazy\" decoding=\"async\" width=\"150\" height=\"150\" src=\"https:\/\/solo-musica.de\/wp-content\/uploads\/2017\/12\/SOB05-1-150x150.jpg\" class=\"pt-cv-thumbnail\" alt=\"\" \/><\/a><\/div><\/div>\n<div class=\"col-md-2 col-sm-6 col-xs-12 pt-cv-content-item pt-cv-1-col\" ><div class='pt-cv-ifield'><a href=\"https:\/\/solo-musica.de\/en\/sinfonieorchester-basel-schubert\/\" class=\"_self pt-cv-href-thumbnail pt-cv-thumb-default\" target=\"_self\" ><img loading=\"lazy\" decoding=\"async\" width=\"150\" height=\"150\" src=\"https:\/\/solo-musica.de\/wp-content\/uploads\/2017\/12\/SOB03-1-150x150.jpg\" class=\"pt-cv-thumbnail\" alt=\"\" \/><\/a><\/div><\/div>\n<div class=\"col-md-2 col-sm-6 col-xs-12 pt-cv-content-item pt-cv-1-col\" ><div class='pt-cv-ifield'><a href=\"https:\/\/solo-musica.de\/en\/absolut-trio-wahlverwandtschaften\/\" class=\"_self pt-cv-href-thumbnail pt-cv-thumb-default\" target=\"_self\" ><img loading=\"lazy\" decoding=\"async\" width=\"150\" height=\"150\" src=\"https:\/\/solo-musica.de\/wp-content\/uploads\/2018\/01\/SM180-1-150x150.jpg\" class=\"pt-cv-thumbnail\" alt=\"\" \/><\/a><\/div><\/div>\n<div class=\"col-md-2 col-sm-6 col-xs-12 pt-cv-content-item pt-cv-1-col\" ><div class='pt-cv-ifield'><a href=\"https:\/\/solo-musica.de\/en\/sinfonieorchester-basel-honegger-3-and-1\/\" class=\"_self pt-cv-href-thumbnail pt-cv-thumb-default\" target=\"_self\" ><img loading=\"lazy\" decoding=\"async\" width=\"150\" height=\"150\" src=\"https:\/\/solo-musica.de\/wp-content\/uploads\/2018\/01\/SOB02-1-150x150.jpg\" class=\"pt-cv-thumbnail\" alt=\"\" \/><\/a><\/div><\/div>\n<div class=\"col-md-2 col-sm-6 col-xs-12 pt-cv-content-item pt-cv-1-col\" ><div class='pt-cv-ifield'><a href=\"https:\/\/solo-musica.de\/en\/sinfonieorchester-basel-schubert-symphony-no-3-and-no-5\/\" class=\"_self pt-cv-href-thumbnail pt-cv-thumb-default\" target=\"_self\" ><img loading=\"lazy\" decoding=\"async\" width=\"150\" height=\"150\" src=\"https:\/\/solo-musica.de\/wp-content\/uploads\/2018\/01\/SOB01-1-150x150.jpg\" class=\"pt-cv-thumbnail\" alt=\"\" \/><\/a><\/div><\/div><\/div><\/div><\/div>\n","protected":false},"excerpt":{"rendered":"<p>Andreas Werner wurde 1964 im S\u00fcdafrika geboren und studierte von 1985 bis 1992 an der Hochschule der K\u00fcnste Berlin (heute UdK) Tonmeister mit Hauptfach Oboe, dazu erhielt er eine Gesangsausbildung in Berlin und Lausanne. Bereits w\u00e4hrend des Studiums wirkte er beim RIAS-Kammerchor mit, dazu wurde er Mitglied im Kammerchor Stuttgart, der G\u00e4chinger Kantorei und dem [&hellip;]<\/p>\n","protected":false},"author":5,"featured_media":0,"parent":0,"menu_order":0,"comment_status":"closed","ping_status":"closed","template":"","meta":{"footnotes":""},"class_list":["post-10620","page","type-page","status-publish","hentry"],"translation":{"provider":"WPGlobus","version":"3.0.2","language":"en","enabled_languages":["de","en"],"languages":{"de":{"title":true,"content":true,"excerpt":false},"en":{"title":false,"content":false,"excerpt":false}}},"yoast_head":"<!-- This site is optimized with the Yoast SEO plugin v27.3 - https:\/\/yoast.com\/product\/yoast-seo-wordpress\/ -->\n<title>Solo Musica Recording-Partner Andreas Werner - Deutsch<\/title>\n<meta name=\"robots\" content=\"index, follow, max-snippet:-1, max-image-preview:large, max-video-preview:-1\" \/>\n<link rel=\"canonical\" href=\"https:\/\/solo-musica.de\/solo-musica-recording-partner-andreas-werner\/\" \/>\n<meta property=\"og:locale\" content=\"en_US\" \/>\n<meta property=\"og:type\" content=\"article\" \/>\n<meta property=\"og:title\" content=\"Solo Musica Recording-Partner Andreas Werner - Deutsch\" \/>\n<meta property=\"og:url\" content=\"https:\/\/solo-musica.de\/solo-musica-recording-partner-andreas-werner\/\" \/>\n<meta property=\"og:site_name\" content=\"Deutsch\" \/>\n<meta property=\"article:modified_time\" content=\"2021-01-25T11:30:09+00:00\" \/>\n<meta name=\"twitter:card\" content=\"summary_large_image\" \/>\n<meta name=\"twitter:label1\" content=\"Est. reading time\" \/>\n\t<meta name=\"twitter:data1\" content=\"1 minute\" \/>\n<script type=\"application\/ld+json\" class=\"yoast-schema-graph\">{\"@context\":\"https:\\\/\\\/schema.org\",\"@graph\":[{\"@type\":\"WebPage\",\"@id\":\"https:\\\/\\\/solo-musica.de\\\/solo-musica-recording-partner-andreas-werner\\\/\",\"url\":\"https:\\\/\\\/solo-musica.de\\\/solo-musica-recording-partner-andreas-werner\\\/\",\"name\":\"Solo Musica Recording-Partner Andreas Werner - Deutsch\",\"isPartOf\":{\"@id\":\"https:\\\/\\\/solo-musica.de\\\/#website\"},\"datePublished\":\"2021-01-25T11:23:10+00:00\",\"dateModified\":\"2021-01-25T11:30:09+00:00\",\"breadcrumb\":{\"@id\":\"https:\\\/\\\/solo-musica.de\\\/solo-musica-recording-partner-andreas-werner\\\/#breadcrumb\"},\"inLanguage\":\"en-US\",\"potentialAction\":[{\"@type\":\"ReadAction\",\"target\":[\"https:\\\/\\\/solo-musica.de\\\/solo-musica-recording-partner-andreas-werner\\\/\"]}]},{\"@type\":\"BreadcrumbList\",\"@id\":\"https:\\\/\\\/solo-musica.de\\\/solo-musica-recording-partner-andreas-werner\\\/#breadcrumb\",\"itemListElement\":[{\"@type\":\"ListItem\",\"position\":1,\"name\":\"Startseite\",\"item\":\"https:\\\/\\\/solo-musica.de\\\/\"},{\"@type\":\"ListItem\",\"position\":2,\"name\":\"Solo Musica Recording-Partner Andreas Werner\"}]},{\"@type\":\"WebSite\",\"@id\":\"https:\\\/\\\/solo-musica.de\\\/#website\",\"url\":\"https:\\\/\\\/solo-musica.de\\\/\",\"name\":\"Deutsch\",\"description\":\"ARTIST FIRST!\",\"publisher\":{\"@id\":\"https:\\\/\\\/solo-musica.de\\\/#organization\"},\"potentialAction\":[{\"@type\":\"SearchAction\",\"target\":{\"@type\":\"EntryPoint\",\"urlTemplate\":\"https:\\\/\\\/solo-musica.de\\\/?s={search_term_string}\"},\"query-input\":{\"@type\":\"PropertyValueSpecification\",\"valueRequired\":true,\"valueName\":\"search_term_string\"}}],\"inLanguage\":\"en-US\"},{\"@type\":\"Organization\",\"@id\":\"https:\\\/\\\/solo-musica.de\\\/#organization\",\"name\":\"Deutsch\",\"url\":\"https:\\\/\\\/solo-musica.de\\\/\",\"logo\":{\"@type\":\"ImageObject\",\"inLanguage\":\"en-US\",\"@id\":\"https:\\\/\\\/solo-musica.de\\\/#\\\/schema\\\/logo\\\/image\\\/\",\"url\":\"https:\\\/\\\/solo-musica.de\\\/wp-content\\\/uploads\\\/2020\\\/12\\\/logo-180.png\",\"contentUrl\":\"https:\\\/\\\/solo-musica.de\\\/wp-content\\\/uploads\\\/2020\\\/12\\\/logo-180.png\",\"width\":180,\"height\":180,\"caption\":\"Deutsch\"},\"image\":{\"@id\":\"https:\\\/\\\/solo-musica.de\\\/#\\\/schema\\\/logo\\\/image\\\/\"}}]}<\/script>\n<!-- \/ Yoast SEO plugin. -->","yoast_head_json":{"title":"Solo Musica Recording-Partner Andreas Werner - Deutsch","robots":{"index":"index","follow":"follow","max-snippet":"max-snippet:-1","max-image-preview":"max-image-preview:large","max-video-preview":"max-video-preview:-1"},"canonical":"https:\/\/solo-musica.de\/solo-musica-recording-partner-andreas-werner\/","og_locale":"en_US","og_type":"article","og_title":"Solo Musica Recording-Partner Andreas Werner - Deutsch","og_url":"https:\/\/solo-musica.de\/solo-musica-recording-partner-andreas-werner\/","og_site_name":"Deutsch","article_modified_time":"2021-01-25T11:30:09+00:00","twitter_card":"summary_large_image","twitter_misc":{"Est. reading time":"1 minute"},"schema":{"@context":"https:\/\/schema.org","@graph":[{"@type":"WebPage","@id":"https:\/\/solo-musica.de\/solo-musica-recording-partner-andreas-werner\/","url":"https:\/\/solo-musica.de\/solo-musica-recording-partner-andreas-werner\/","name":"Solo Musica Recording-Partner Andreas Werner - Deutsch","isPartOf":{"@id":"https:\/\/solo-musica.de\/#website"},"datePublished":"2021-01-25T11:23:10+00:00","dateModified":"2021-01-25T11:30:09+00:00","breadcrumb":{"@id":"https:\/\/solo-musica.de\/solo-musica-recording-partner-andreas-werner\/#breadcrumb"},"inLanguage":"en-US","potentialAction":[{"@type":"ReadAction","target":["https:\/\/solo-musica.de\/solo-musica-recording-partner-andreas-werner\/"]}]},{"@type":"BreadcrumbList","@id":"https:\/\/solo-musica.de\/solo-musica-recording-partner-andreas-werner\/#breadcrumb","itemListElement":[{"@type":"ListItem","position":1,"name":"Startseite","item":"https:\/\/solo-musica.de\/"},{"@type":"ListItem","position":2,"name":"Solo Musica Recording-Partner Andreas Werner"}]},{"@type":"WebSite","@id":"https:\/\/solo-musica.de\/#website","url":"https:\/\/solo-musica.de\/","name":"Deutsch","description":"ARTIST FIRST!","publisher":{"@id":"https:\/\/solo-musica.de\/#organization"},"potentialAction":[{"@type":"SearchAction","target":{"@type":"EntryPoint","urlTemplate":"https:\/\/solo-musica.de\/?s={search_term_string}"},"query-input":{"@type":"PropertyValueSpecification","valueRequired":true,"valueName":"search_term_string"}}],"inLanguage":"en-US"},{"@type":"Organization","@id":"https:\/\/solo-musica.de\/#organization","name":"Deutsch","url":"https:\/\/solo-musica.de\/","logo":{"@type":"ImageObject","inLanguage":"en-US","@id":"https:\/\/solo-musica.de\/#\/schema\/logo\/image\/","url":"https:\/\/solo-musica.de\/wp-content\/uploads\/2020\/12\/logo-180.png","contentUrl":"https:\/\/solo-musica.de\/wp-content\/uploads\/2020\/12\/logo-180.png","width":180,"height":180,"caption":"Deutsch"},"image":{"@id":"https:\/\/solo-musica.de\/#\/schema\/logo\/image\/"}}]}},"_links":{"self":[{"href":"https:\/\/solo-musica.de\/en\/wp-json\/wp\/v2\/pages\/10620","targetHints":{"allow":["GET"]}}],"collection":[{"href":"https:\/\/solo-musica.de\/en\/wp-json\/wp\/v2\/pages"}],"about":[{"href":"https:\/\/solo-musica.de\/en\/wp-json\/wp\/v2\/types\/page"}],"author":[{"embeddable":true,"href":"https:\/\/solo-musica.de\/en\/wp-json\/wp\/v2\/users\/5"}],"replies":[{"embeddable":true,"href":"https:\/\/solo-musica.de\/en\/wp-json\/wp\/v2\/comments?post=10620"}],"version-history":[{"count":6,"href":"https:\/\/solo-musica.de\/en\/wp-json\/wp\/v2\/pages\/10620\/revisions"}],"predecessor-version":[{"id":10628,"href":"https:\/\/solo-musica.de\/en\/wp-json\/wp\/v2\/pages\/10620\/revisions\/10628"}],"wp:attachment":[{"href":"https:\/\/solo-musica.de\/en\/wp-json\/wp\/v2\/media?parent=10620"}],"curies":[{"name":"wp","href":"https:\/\/api.w.org\/{rel}","templated":true}]}}